{"id":11,"date":"2018-10-09T09:19:06","date_gmt":"2018-10-09T09:19:06","guid":{"rendered":"https:\/\/nouvelle-etape.org\/conception\/contact\/"},"modified":"2025-05-02T14:36:49","modified_gmt":"2025-05-02T14:36:49","slug":"nous-joindre","status":"publish","type":"page","link":"https:\/\/nouvelle-etape.org\/en\/nous-joindre\/","title":{"rendered":"Contact us"},"content":{"rendered":"\t\t<div data-elementor-type=\"wp-post\" data-elementor-id=\"11\" class=\"elementor elementor-11\">\n\t\t\t\t\t\t<section class=\"elementor-section elementor-top-section elementor-element elementor-element-16b4c9a9 elementor-section-boxed elementor-section-height-default elementor-section-height-default\" data-id=\"16b4c9a9\" data-element_type=\"section\" data-e-type=\"section\" data-settings=\"{&quot;background_background&quot;:&quot;gradient&quot;}\">\n\t\t\t\t\t\t<div class=\"elementor-container elementor-column-gap-no\">\n\t\t\t\t\t<div class=\"elementor-column elementor-col-100 elementor-top-column elementor-element elementor-element-4a282070\" data-id=\"4a282070\" data-element_type=\"column\" data-e-type=\"column\">\n\t\t\t<div class=\"elementor-widget-wrap elementor-element-populated\">\n\t\t\t\t\t\t<div class=\"elementor-element elementor-element-18ac4bb9 elementor-widget elementor-widget-heading\" data-id=\"18ac4bb9\" data-element_type=\"widget\" data-e-type=\"widget\" data-widget_type=\"heading.default\">\n\t\t\t\t<div class=\"elementor-widget-container\">\n\t\t\t\t\t<h1 class=\"elementor-heading-title elementor-size-default\">Nous joindre<\/h1>\t\t\t\t<\/div>\n\t\t\t\t<\/div>\n\t\t\t\t\t<\/div>\n\t\t<\/div>\n\t\t\t\t\t<\/div>\n\t\t<\/section>\n\t\t\t\t<section class=\"elementor-section elementor-top-section elementor-element elementor-element-78552f7f elementor-section-full_width elementor-section-height-default elementor-section-height-default\" data-id=\"78552f7f\" data-element_type=\"section\" data-e-type=\"section\">\n\t\t\t\t\t\t<div class=\"elementor-container elementor-column-gap-no\">\n\t\t\t\t\t<div class=\"elementor-column elementor-col-50 elementor-top-column elementor-element elementor-element-6a7c0cb3\" data-id=\"6a7c0cb3\" data-element_type=\"column\" data-e-type=\"column\">\n\t\t\t<div class=\"elementor-widget-wrap elementor-element-populated\">\n\t\t\t\t\t\t<div class=\"elementor-element elementor-element-480eab32 elementor-widget elementor-widget-heading\" data-id=\"480eab32\" data-element_type=\"widget\" data-e-type=\"widget\" data-widget_type=\"heading.default\">\n\t\t\t\t<div class=\"elementor-widget-container\">\n\t\t\t\t\t<h3 class=\"elementor-heading-title elementor-size-default\">Contact <\/h3>\t\t\t\t<\/div>\n\t\t\t\t<\/div>\n\t\t\t\t<div class=\"elementor-element elementor-element-341dcd61 elementor-widget-divider--view-line elementor-widget elementor-widget-divider\" data-id=\"341dcd61\" data-element_type=\"widget\" data-e-type=\"widget\" data-widget_type=\"divider.default\">\n\t\t\t\t<div class=\"elementor-widget-container\">\n\t\t\t\t\t\t\t<div class=\"elementor-divider\">\n\t\t\t<span class=\"elementor-divider-separator\">\n\t\t\t\t\t\t<\/span>\n\t\t<\/div>\n\t\t\t\t\t\t<\/div>\n\t\t\t\t<\/div>\n\t\t\t\t<div class=\"elementor-element elementor-element-f753dbf elementor-icon-list--layout-traditional elementor-list-item-link-full_width elementor-widget elementor-widget-icon-list\" data-id=\"f753dbf\" data-element_type=\"widget\" data-e-type=\"widget\" data-widget_type=\"icon-list.default\">\n\t\t\t\t<div class=\"elementor-widget-container\">\n\t\t\t\t\t\t\t<ul class=\"elementor-icon-list-items\">\n\t\t\t\t\t\t\t<li class=\"elementor-icon-list-item\">\n\t\t\t\t\t\t\t\t\t\t\t<a href=\"tel:438-380-3834\">\n\n\t\t\t\t\t\t\t\t\t\t\t\t<span class=\"elementor-icon-list-icon\">\n\t\t\t\t\t\t\t<i aria-hidden=\"true\" class=\"fas fa-phone\"><\/i>\t\t\t\t\t\t<\/span>\n\t\t\t\t\t\t\t\t\t\t<span class=\"elementor-icon-list-text\">438-380-3834<\/span>\n\t\t\t\t\t\t\t\t\t\t\t<\/a>\n\t\t\t\t\t\t\t\t\t<\/li>\n\t\t\t\t\t\t\t\t<li class=\"elementor-icon-list-item\">\n\t\t\t\t\t\t\t\t\t\t\t<a href=\"mailto:info@nouvelle-etape.org\">\n\n\t\t\t\t\t\t\t\t\t\t\t\t<span class=\"elementor-icon-list-icon\">\n\t\t\t\t\t\t\t<i aria-hidden=\"true\" class=\"fas fa-envelope\"><\/i>\t\t\t\t\t\t<\/span>\n\t\t\t\t\t\t\t\t\t\t<span class=\"elementor-icon-list-text\">info@nouvelle-etape.org<\/span>\n\t\t\t\t\t\t\t\t\t\t\t<\/a>\n\t\t\t\t\t\t\t\t\t<\/li>\n\t\t\t\t\t\t\t\t<li class=\"elementor-icon-list-item\">\n\t\t\t\t\t\t\t\t\t\t\t<a href=\"mailto:direction@nouvelle-etape.org\" target=\"_blank\">\n\n\t\t\t\t\t\t\t\t\t\t\t\t<span class=\"elementor-icon-list-icon\">\n\t\t\t\t\t\t\t<i aria-hidden=\"true\" class=\"far fa-question-circle\"><\/i>\t\t\t\t\t\t<\/span>\n\t\t\t\t\t\t\t\t\t\t<span class=\"elementor-icon-list-text\">Responsable de la protection des<br>renseignements personnels :<br>Ariane Hopkins - direction@nouvelle-etape.org<\/span>\n\t\t\t\t\t\t\t\t\t\t\t<\/a>\n\t\t\t\t\t\t\t\t\t<\/li>\n\t\t\t\t\t\t<\/ul>\n\t\t\t\t\t\t<\/div>\n\t\t\t\t<\/div>\n\t\t\t\t<div class=\"elementor-element elementor-element-18ef64a4 elementor-widget elementor-widget-heading\" data-id=\"18ef64a4\" data-element_type=\"widget\" data-e-type=\"widget\" data-widget_type=\"heading.default\">\n\t\t\t\t<div class=\"elementor-widget-container\">\n\t\t\t\t\t<h4 class=\"elementor-heading-title elementor-size-default\">Suivez nous ! <\/h4>\t\t\t\t<\/div>\n\t\t\t\t<\/div>\n\t\t\t\t<div class=\"elementor-element elementor-element-6a41dec6 elementor-shape-circle elementor-grid-0 elementor-widget elementor-widget-social-icons\" data-id=\"6a41dec6\" data-element_type=\"widget\" data-e-type=\"widget\" data-widget_type=\"social-icons.default\">\n\t\t\t\t<div class=\"elementor-widget-container\">\n\t\t\t\t\t\t\t<div class=\"elementor-social-icons-wrapper elementor-grid\" role=\"list\">\n\t\t\t\t\t\t\t<span class=\"elementor-grid-item\" role=\"listitem\">\n\t\t\t\t\t<a class=\"elementor-icon elementor-social-icon elementor-social-icon-facebook-f elementor-repeater-item-5df027d\" href=\"https:\/\/www.facebook.com\/nouvelle.etape.mh2\/\" target=\"_blank\">\n\t\t\t\t\t\t<span class=\"elementor-screen-only\">Facebook-f<\/span>\n\t\t\t\t\t\t<i aria-hidden=\"true\" class=\"fab fa-facebook-f\"><\/i>\t\t\t\t\t<\/a>\n\t\t\t\t<\/span>\n\t\t\t\t\t\t\t<span class=\"elementor-grid-item\" role=\"listitem\">\n\t\t\t\t\t<a class=\"elementor-icon elementor-social-icon elementor-social-icon-instagram elementor-repeater-item-b4cd8fc\" href=\"https:\/\/www.instagram.com\/nouvelleetape\/\" target=\"_blank\">\n\t\t\t\t\t\t<span class=\"elementor-screen-only\">Instagram<\/span>\n\t\t\t\t\t\t<i aria-hidden=\"true\" class=\"fab fa-instagram\"><\/i>\t\t\t\t\t<\/a>\n\t\t\t\t<\/span>\n\t\t\t\t\t<\/div>\n\t\t\t\t\t\t<\/div>\n\t\t\t\t<\/div>\n\t\t\t\t<div class=\"elementor-element elementor-element-7cfa874 elementor-widget elementor-widget-spacer\" data-id=\"7cfa874\" data-element_type=\"widget\" data-e-type=\"widget\" data-widget_type=\"spacer.default\">\n\t\t\t\t<div class=\"elementor-widget-container\">\n\t\t\t\t\t\t\t<div class=\"elementor-spacer\">\n\t\t\t<div class=\"elementor-spacer-inner\"><\/div>\n\t\t<\/div>\n\t\t\t\t\t\t<\/div>\n\t\t\t\t<\/div>\n\t\t\t\t<div class=\"elementor-element elementor-element-a66fc50 elementor-widget elementor-widget-text-editor\" data-id=\"a66fc50\" data-element_type=\"widget\" data-e-type=\"widget\" data-widget_type=\"text-editor.default\">\n\t\t\t\t<div class=\"elementor-widget-container\">\n\t\t\t\t\t\t\t\t\t<p><b>Si vous vivez une sitation de violence conjugale : SOS-VIOLENCE-CONJUGALE, 1-800-363-9010.&nbsp;<\/b><span style=\"font-style: inherit; background-color: var(--ast-global-color-4); font-weight: 700;\">S<\/span><span style=\"font-style: inherit; font-weight: 700; background-color: var(--ast-global-color-4);\">i vous vivez une situation de danger imminent : Composez le 9-1-1.<\/span><b style=\"font-style: inherit; background-color: var(--ast-global-color-4);\">&nbsp; &nbsp; &nbsp; &nbsp; &nbsp; &nbsp;<\/b><\/p>\t\t\t\t\t\t\t\t<\/div>\n\t\t\t\t<\/div>\n\t\t\t\t\t<\/div>\n\t\t<\/div>\n\t\t\t\t<div class=\"elementor-column elementor-col-50 elementor-top-column elementor-element elementor-element-6245f719\" data-id=\"6245f719\" data-element_type=\"column\" data-e-type=\"column\">\n\t\t\t<div class=\"elementor-widget-wrap elementor-element-populated\">\n\t\t\t\t\t\t<div class=\"elementor-element elementor-element-53845279 elementor-widget elementor-widget-heading\" data-id=\"53845279\" data-element_type=\"widget\" data-e-type=\"widget\" data-widget_type=\"heading.default\">\n\t\t\t\t<div class=\"elementor-widget-container\">\n\t\t\t\t\t<h3 class=\"elementor-heading-title elementor-size-default\">Pour nous contacter avec plus de discr\u00e9tion, utilisez ce formulaire <\/h3>\t\t\t\t<\/div>\n\t\t\t\t<\/div>\n\t\t\t\t<div class=\"elementor-element elementor-element-3d92d530 elementor-widget-divider--view-line elementor-widget elementor-widget-divider\" data-id=\"3d92d530\" data-element_type=\"widget\" data-e-type=\"widget\" data-widget_type=\"divider.default\">\n\t\t\t\t<div class=\"elementor-widget-container\">\n\t\t\t\t\t\t\t<div class=\"elementor-divider\">\n\t\t\t<span class=\"elementor-divider-separator\">\n\t\t\t\t\t\t<\/span>\n\t\t<\/div>\n\t\t\t\t\t\t<\/div>\n\t\t\t\t<\/div>\n\t\t\t\t<div class=\"elementor-element elementor-element-f903cf5 elementor-widget elementor-widget-heading\" data-id=\"f903cf5\" data-element_type=\"widget\" data-e-type=\"widget\" data-widget_type=\"heading.default\">\n\t\t\t\t<div class=\"elementor-widget-container\">\n\t\t\t\t\t<h5 class=\"elementor-heading-title elementor-size-default\">Si vous souhaitez \u00eatre contact\u00e9e par courriel, veuillez l'indiquer dans la section \u00e0 cet effet.<br> <br>Si vous souhaitez que l'on vous contacte par t\u00e9l\u00e9phone, veuillez inscrire les informations suivantes dans votre message : le num\u00e9ro de t\u00e9l\u00e9phone, le moment de la journ\u00e9e pr\u00e9f\u00e9rable pour vous rejoindre et si l'on peut vous laisser un message sur la bo\u00eete vocale. <\/h5>\t\t\t\t<\/div>\n\t\t\t\t<\/div>\n\t\t\t\t<div class=\"elementor-element elementor-element-b5eb6d7 elementor-widget elementor-widget-wp-widget-wpforms-widget\" data-id=\"b5eb6d7\" data-element_type=\"widget\" data-e-type=\"widget\" data-widget_type=\"wp-widget-wpforms-widget.default\">\n\t\t\t\t<div class=\"elementor-widget-container\">\n\t\t\t\t\t<div class=\"wpforms-container \" id=\"wpforms-1419\"><form id=\"wpforms-form-1419\" class=\"wpforms-validate wpforms-form wpforms-ajax-form\" data-formid=\"1419\" method=\"post\" enctype=\"multipart\/form-data\" action=\"\/en\/wp-json\/wp\/v2\/pages\/11\" data-token=\"c3e83be90ca755cb0db1aa974e4cb56a\" data-token-time=\"1776291672\"><div class=\"wpforms-head-container\"><\/div><noscript class=\"wpforms-error-noscript\">Please enable JavaScript in your browser to complete this form.<\/noscript><div class=\"wpforms-field-container\"><div id=\"wpforms-1419-field_0-container\" class=\"wpforms-field wpforms-field-name\" data-field-id=\"0\"><label class=\"wpforms-field-label\" for=\"wpforms-1419-field_0\">Pr\u00e9nom <span class=\"wpforms-required-label\">*<\/span><\/label><input type=\"text\" id=\"wpforms-1419-field_0\" class=\"wpforms-field-medium wpforms-field-required\" name=\"wpforms[fields][0]\" required><\/div><div id=\"wpforms-1419-field_1-container\" class=\"wpforms-field wpforms-field-email\" data-field-id=\"1\"><label class=\"wpforms-field-label\" for=\"wpforms-1419-field_1\">Courriel<\/label><input type=\"email\" id=\"wpforms-1419-field_1\" class=\"wpforms-field-medium\" name=\"wpforms[fields][1]\" spellcheck=\"false\" ><\/div><div id=\"wpforms-1419-field_2-container\" class=\"wpforms-field wpforms-field-textarea\" data-field-id=\"2\"><label class=\"wpforms-field-label\" for=\"wpforms-1419-field_2\">Comment peut-on vous aider ? <span class=\"wpforms-required-label\">*<\/span><\/label><textarea id=\"wpforms-1419-field_2\" class=\"wpforms-field-medium wpforms-field-required\" name=\"wpforms[fields][2]\" required><\/textarea><\/div><\/div><!-- .wpforms-field-container --><div class=\"wpforms-submit-container\" ><input type=\"hidden\" name=\"wpforms[id]\" value=\"1419\"><input type=\"hidden\" name=\"page_title\" value=\"\"><input type=\"hidden\" name=\"page_url\" value=\"https:\/\/nouvelle-etape.org\/en\/wp-json\/wp\/v2\/pages\/11\"><input type=\"hidden\" name=\"url_referer\" value=\"\"><button type=\"submit\" name=\"wpforms[submit]\" id=\"wpforms-submit-1419\" class=\"wpforms-submit\" data-alt-text=\"en cours d&#039;envoi\" data-submit-text=\"Soumettre\" aria-live=\"assertive\" value=\"wpforms-submit\">Soumettre<\/button><img decoding=\"async\" src=\"https:\/\/nouvelle-etape.org\/wp-content\/plugins\/wpforms-lite\/assets\/images\/submit-spin.svg\" class=\"wpforms-submit-spinner\" style=\"display: none;\" width=\"26\" height=\"26\" alt=\"Loading\"><\/div><\/form><\/div>  <!-- .wpforms-container -->\t\t\t\t<\/div>\n\t\t\t\t<\/div>\n\t\t\t\t\t<\/div>\n\t\t<\/div>\n\t\t\t\t\t<\/div>\n\t\t<\/section>\n\t\t\t\t<section class=\"elementor-section elementor-top-section elementor-element elementor-element-bf28266 elementor-section-boxed elementor-section-height-default elementor-section-height-default\" data-id=\"bf28266\" data-element_type=\"section\" data-e-type=\"section\">\n\t\t\t\t\t\t<div class=\"elementor-container elementor-column-gap-default\">\n\t\t\t\t\t<div class=\"elementor-column elementor-col-100 elementor-top-column elementor-element elementor-element-dbfbad8\" data-id=\"dbfbad8\" data-element_type=\"column\" data-e-type=\"column\">\n\t\t\t<div class=\"elementor-widget-wrap elementor-element-populated\">\n\t\t\t\t\t\t<div class=\"elementor-element elementor-element-fb30565 elementor-widget elementor-widget-heading\" data-id=\"fb30565\" data-element_type=\"widget\" data-e-type=\"widget\" data-widget_type=\"heading.default\">\n\t\t\t\t<div class=\"elementor-widget-container\">\n\t\t\t\t\t<h2 class=\"elementor-heading-title elementor-size-default\"><a href=\"https:\/\/nouvelle-etape.org\/declaration-de-services-aux-personnes-victimes-dinfractions-criminelles\">Consultez notre \"D\u00e9claration de services aux personnes victimes d'infractions criminelles\" en cliquant ici. <\/a><\/h2>\t\t\t\t<\/div>\n\t\t\t\t<\/div>\n\t\t\t\t\t<\/div>\n\t\t<\/div>\n\t\t\t\t\t<\/div>\n\t\t<\/section>\n\t\t\t\t<\/div>\n\t\t","protected":false},"excerpt":{"rendered":"<p>Nous joindre Contact 438-380-3834 info@nouvelle-etape.org Responsable de la protection desrenseignements personnels :Ariane Hopkins &#8211; direction@nouvelle-etape.org Suivez nous ! Facebook-f Instagram Si vous vivez une sitation de violence conjugale : SOS-VIOLENCE-CONJUGALE, 1-800-363-9010.&nbsp;Si vous vivez une situation de danger imminent : Composez le 9-1-1.&nbsp; &nbsp; &nbsp; &nbsp; &nbsp; &nbsp; Pour nous contacter avec plus de discr\u00e9tion, utilisez [&hellip;]<\/p>\n","protected":false},"author":1,"featured_media":0,"parent":0,"menu_order":0,"comment_status":"closed","ping_status":"closed","template":"","meta":{"_uag_custom_page_level_css":"","site-sidebar-layout":"no-sidebar","site-content-layout":"page-builder","ast-site-content-layout":"default","site-content-style":"default","site-sidebar-style":"default","ast-global-header-display":"","ast-banner-title-visibility":"","ast-main-header-display":"","ast-hfb-above-header-display":"","ast-hfb-below-header-display":"","ast-hfb-mobile-header-display":"","site-post-title":"disabled","ast-breadcrumbs-content":"","ast-featured-img":"disabled","footer-sml-layout":"","theme-transparent-header-meta":"enabled","adv-header-id-meta":"","stick-header-meta":"","header-above-stick-meta":"","header-main-stick-meta":"","header-below-stick-meta":"","astra-migrate-meta-layouts":"default","ast-page-background-enabled":"default","ast-page-background-meta":{"desktop":{"background-color":"","background-image":"","background-repeat":"repeat","background-position":"center center","background-size":"auto","background-attachment":"scroll","background-type":"","background-media":"","overlay-type":"","overlay-color":"","overlay-opacity":"","overlay-gradient":""},"tablet":{"background-color":"","background-image":"","background-repeat":"repeat","background-position":"center center","background-size":"auto","background-attachment":"scroll","background-type":"","background-media":"","overlay-type":"","overlay-color":"","overlay-opacity":"","overlay-gradient":""},"mobile":{"background-color":"","background-image":"","background-repeat":"repeat","background-position":"center center","background-size":"auto","background-attachment":"scroll","background-type":"","background-media":"","overlay-type":"","overlay-color":"","overlay-opacity":"","overlay-gradient":""}},"ast-content-background-meta":{"desktop":{"background-color":"var(--ast-global-color-5)","background-image":"","background-repeat":"repeat","background-position":"center center","background-size":"auto","background-attachment":"scroll","background-type":"","background-media":"","overlay-type":"","overlay-color":"","overlay-opacity":"","overlay-gradient":""},"tablet":{"background-color":"var(--ast-global-color-5)","background-image":"","background-repeat":"repeat","background-position":"center center","background-size":"auto","background-attachment":"scroll","background-type":"","background-media":"","overlay-type":"","overlay-color":"","overlay-opacity":"","overlay-gradient":""},"mobile":{"background-color":"var(--ast-global-color-5)","background-image":"","background-repeat":"repeat","background-position":"center center","background-size":"auto","background-attachment":"scroll","background-type":"","background-media":"","overlay-type":"","overlay-color":"","overlay-opacity":"","overlay-gradient":""}},"footnotes":""},"class_list":["post-11","page","type-page","status-publish","hentry"],"yoast_head":"<!-- This site is optimized with the Yoast SEO plugin v27.4 - https:\/\/yoast.com\/product\/yoast-seo-wordpress\/ -->\n<title>Nouvelle-\u00c9tape - Nous joindre<\/title>\n<meta name=\"description\" content=\"Si vous vivez une situation de violence : SOS violence-conjugale 1-800-363-9010. Si vous vivez une situation de danger imminent contactez le service de police au 9-1-1 . Pour nous contacter : 438-380-3834.\" \/>\n<meta name=\"robots\" content=\"index, follow, max-snippet:-1, max-image-preview:large, max-video-preview:-1\" \/>\n<link rel=\"canonical\" href=\"https:\/\/nouvelle-etape.org\/en\/nous-joindre\/\" \/>\n<meta property=\"og:locale\" content=\"en_US\" \/>\n<meta property=\"og:type\" content=\"article\" \/>\n<meta property=\"og:title\" content=\"Nouvelle-\u00c9tape - Nous joindre\" \/>\n<meta property=\"og:description\" content=\"Si vous vivez une situation de violence : SOS violence-conjugale 1-800-363-9010. Si vous vivez une situation de danger imminent contactez le service de police au 9-1-1 . Pour nous contacter : 438-380-3834.\" \/>\n<meta property=\"og:url\" content=\"https:\/\/nouvelle-etape.org\/en\/nous-joindre\/\" \/>\n<meta property=\"og:site_name\" content=\"Nouvelle-\u00c9tape\" \/>\n<meta property=\"article:modified_time\" content=\"2025-05-02T14:36:49+00:00\" \/>\n<meta name=\"twitter:card\" content=\"summary_large_image\" \/>\n<meta name=\"twitter:label1\" content=\"Est. reading time\" \/>\n\t<meta name=\"twitter:data1\" content=\"1 minute\" \/>\n<script type=\"application\/ld+json\" class=\"yoast-schema-graph\">{\"@context\":\"https:\\\/\\\/schema.org\",\"@graph\":[{\"@type\":\"WebPage\",\"@id\":\"https:\\\/\\\/nouvelle-etape.org\\\/nous-joindre\\\/\",\"url\":\"https:\\\/\\\/nouvelle-etape.org\\\/nous-joindre\\\/\",\"name\":\"Nouvelle-\u00c9tape - Nous joindre\",\"isPartOf\":{\"@id\":\"https:\\\/\\\/nouvelle-etape.org\\\/en\\\/#website\"},\"datePublished\":\"2018-10-09T09:19:06+00:00\",\"dateModified\":\"2025-05-02T14:36:49+00:00\",\"description\":\"Si vous vivez une situation de violence : SOS violence-conjugale 1-800-363-9010. Si vous vivez une situation de danger imminent contactez le service de police au 9-1-1 . Pour nous contacter : 438-380-3834.\",\"breadcrumb\":{\"@id\":\"https:\\\/\\\/nouvelle-etape.org\\\/nous-joindre\\\/#breadcrumb\"},\"inLanguage\":\"en-CA\",\"potentialAction\":[{\"@type\":\"ReadAction\",\"target\":[\"https:\\\/\\\/nouvelle-etape.org\\\/nous-joindre\\\/\"]}]},{\"@type\":\"BreadcrumbList\",\"@id\":\"https:\\\/\\\/nouvelle-etape.org\\\/nous-joindre\\\/#breadcrumb\",\"itemListElement\":[{\"@type\":\"ListItem\",\"position\":1,\"name\":\"Accueil\",\"item\":\"https:\\\/\\\/nouvelle-etape.org\\\/\"},{\"@type\":\"ListItem\",\"position\":2,\"name\":\"Nous joindre\"}]},{\"@type\":\"WebSite\",\"@id\":\"https:\\\/\\\/nouvelle-etape.org\\\/en\\\/#website\",\"url\":\"https:\\\/\\\/nouvelle-etape.org\\\/en\\\/\",\"name\":\"Nouvelle-\u00c9tape\",\"description\":\"Services sp\u00e9cialis\u00e9s en violence conjugale post-s\u00e9paration\",\"publisher\":{\"@id\":\"https:\\\/\\\/nouvelle-etape.org\\\/en\\\/#organization\"},\"potentialAction\":[{\"@type\":\"SearchAction\",\"target\":{\"@type\":\"EntryPoint\",\"urlTemplate\":\"https:\\\/\\\/nouvelle-etape.org\\\/en\\\/?s={search_term_string}\"},\"query-input\":{\"@type\":\"PropertyValueSpecification\",\"valueRequired\":true,\"valueName\":\"search_term_string\"}}],\"inLanguage\":\"en-CA\"},{\"@type\":\"Organization\",\"@id\":\"https:\\\/\\\/nouvelle-etape.org\\\/en\\\/#organization\",\"name\":\"Nouvelle-\u00c9tape\",\"url\":\"https:\\\/\\\/nouvelle-etape.org\\\/en\\\/\",\"logo\":{\"@type\":\"ImageObject\",\"inLanguage\":\"en-CA\",\"@id\":\"https:\\\/\\\/nouvelle-etape.org\\\/en\\\/#\\\/schema\\\/logo\\\/image\\\/\",\"url\":\"https:\\\/\\\/nouvelle-etape.org\\\/wp-content\\\/uploads\\\/2024\\\/03\\\/cropped-NE_Grand_Coul_Trans.png\",\"contentUrl\":\"https:\\\/\\\/nouvelle-etape.org\\\/wp-content\\\/uploads\\\/2024\\\/03\\\/cropped-NE_Grand_Coul_Trans.png\",\"width\":4992,\"height\":4992,\"caption\":\"Nouvelle-\u00c9tape\"},\"image\":{\"@id\":\"https:\\\/\\\/nouvelle-etape.org\\\/en\\\/#\\\/schema\\\/logo\\\/image\\\/\"}}]}<\/script>\n<!-- \/ Yoast SEO plugin. -->","yoast_head_json":{"title":"Nouvelle-\u00c9tape - Nous joindre","description":"Si vous vivez une situation de violence : SOS violence-conjugale 1-800-363-9010. Si vous vivez une situation de danger imminent contactez le service de police au 9-1-1 . Pour nous contacter : 438-380-3834.","robots":{"index":"index","follow":"follow","max-snippet":"max-snippet:-1","max-image-preview":"max-image-preview:large","max-video-preview":"max-video-preview:-1"},"canonical":"https:\/\/nouvelle-etape.org\/en\/nous-joindre\/","og_locale":"en_US","og_type":"article","og_title":"Nouvelle-\u00c9tape - Nous joindre","og_description":"Si vous vivez une situation de violence : SOS violence-conjugale 1-800-363-9010. Si vous vivez une situation de danger imminent contactez le service de police au 9-1-1 . Pour nous contacter : 438-380-3834.","og_url":"https:\/\/nouvelle-etape.org\/en\/nous-joindre\/","og_site_name":"Nouvelle-\u00c9tape","article_modified_time":"2025-05-02T14:36:49+00:00","twitter_card":"summary_large_image","twitter_misc":{"Est. reading time":"1 minute"},"schema":{"@context":"https:\/\/schema.org","@graph":[{"@type":"WebPage","@id":"https:\/\/nouvelle-etape.org\/nous-joindre\/","url":"https:\/\/nouvelle-etape.org\/nous-joindre\/","name":"Nouvelle-\u00c9tape - Nous joindre","isPartOf":{"@id":"https:\/\/nouvelle-etape.org\/en\/#website"},"datePublished":"2018-10-09T09:19:06+00:00","dateModified":"2025-05-02T14:36:49+00:00","description":"Si vous vivez une situation de violence : SOS violence-conjugale 1-800-363-9010. Si vous vivez une situation de danger imminent contactez le service de police au 9-1-1 . Pour nous contacter : 438-380-3834.","breadcrumb":{"@id":"https:\/\/nouvelle-etape.org\/nous-joindre\/#breadcrumb"},"inLanguage":"en-CA","potentialAction":[{"@type":"ReadAction","target":["https:\/\/nouvelle-etape.org\/nous-joindre\/"]}]},{"@type":"BreadcrumbList","@id":"https:\/\/nouvelle-etape.org\/nous-joindre\/#breadcrumb","itemListElement":[{"@type":"ListItem","position":1,"name":"Accueil","item":"https:\/\/nouvelle-etape.org\/"},{"@type":"ListItem","position":2,"name":"Nous joindre"}]},{"@type":"WebSite","@id":"https:\/\/nouvelle-etape.org\/en\/#website","url":"https:\/\/nouvelle-etape.org\/en\/","name":"Nouvelle-\u00c9tape","description":"Services sp\u00e9cialis\u00e9s en violence conjugale post-s\u00e9paration","publisher":{"@id":"https:\/\/nouvelle-etape.org\/en\/#organization"},"potentialAction":[{"@type":"SearchAction","target":{"@type":"EntryPoint","urlTemplate":"https:\/\/nouvelle-etape.org\/en\/?s={search_term_string}"},"query-input":{"@type":"PropertyValueSpecification","valueRequired":true,"valueName":"search_term_string"}}],"inLanguage":"en-CA"},{"@type":"Organization","@id":"https:\/\/nouvelle-etape.org\/en\/#organization","name":"Nouvelle-\u00c9tape","url":"https:\/\/nouvelle-etape.org\/en\/","logo":{"@type":"ImageObject","inLanguage":"en-CA","@id":"https:\/\/nouvelle-etape.org\/en\/#\/schema\/logo\/image\/","url":"https:\/\/nouvelle-etape.org\/wp-content\/uploads\/2024\/03\/cropped-NE_Grand_Coul_Trans.png","contentUrl":"https:\/\/nouvelle-etape.org\/wp-content\/uploads\/2024\/03\/cropped-NE_Grand_Coul_Trans.png","width":4992,"height":4992,"caption":"Nouvelle-\u00c9tape"},"image":{"@id":"https:\/\/nouvelle-etape.org\/en\/#\/schema\/logo\/image\/"}}]}},"uagb_featured_image_src":{"full":false,"thumbnail":false,"medium":false,"medium_large":false,"large":false,"1536x1536":false,"2048x2048":false,"trp-custom-language-flag":false},"uagb_author_info":{"display_name":"admin_comms","author_link":"https:\/\/nouvelle-etape.org\/en\/author\/admin_comms\/"},"uagb_comment_info":0,"uagb_excerpt":"Nous joindre Contact 438-380-3834 info@nouvelle-etape.org Responsable de la protection desrenseignements personnels :Ariane Hopkins &#8211; direction@nouvelle-etape.org Suivez nous ! Facebook-f Instagram Si vous vivez une sitation de violence conjugale : SOS-VIOLENCE-CONJUGALE, 1-800-363-9010.&nbsp;Si vous vivez une situation de danger imminent : Composez le 9-1-1.&nbsp; &nbsp; &nbsp; &nbsp; &nbsp; &nbsp; Pour nous contacter avec plus de discr\u00e9tion, utilisez&hellip;","_links":{"self":[{"href":"https:\/\/nouvelle-etape.org\/en\/wp-json\/wp\/v2\/pages\/11","targetHints":{"allow":["GET"]}}],"collection":[{"href":"https:\/\/nouvelle-etape.org\/en\/wp-json\/wp\/v2\/pages"}],"about":[{"href":"https:\/\/nouvelle-etape.org\/en\/wp-json\/wp\/v2\/types\/page"}],"author":[{"embeddable":true,"href":"https:\/\/nouvelle-etape.org\/en\/wp-json\/wp\/v2\/users\/1"}],"replies":[{"embeddable":true,"href":"https:\/\/nouvelle-etape.org\/en\/wp-json\/wp\/v2\/comments?post=11"}],"version-history":[{"count":105,"href":"https:\/\/nouvelle-etape.org\/en\/wp-json\/wp\/v2\/pages\/11\/revisions"}],"predecessor-version":[{"id":5591,"href":"https:\/\/nouvelle-etape.org\/en\/wp-json\/wp\/v2\/pages\/11\/revisions\/5591"}],"wp:attachment":[{"href":"https:\/\/nouvelle-etape.org\/en\/wp-json\/wp\/v2\/media?parent=11"}],"curies":[{"name":"wp","href":"https:\/\/api.w.org\/{rel}","templated":true}]}}