{"id":2229,"date":"2021-11-04T15:48:14","date_gmt":"2021-11-04T15:48:14","guid":{"rendered":"https:\/\/nouvelle-etape.org\/conception\/?page_id=2229"},"modified":"2024-12-02T21:39:43","modified_gmt":"2024-12-02T21:39:43","slug":"publications","status":"publish","type":"page","link":"https:\/\/nouvelle-etape.org\/en\/publications\/","title":{"rendered":"Publications"},"content":{"rendered":"<div data-elementor-type=\"wp-page\" data-elementor-id=\"2229\" class=\"elementor elementor-2229\">\n\t\t\t\t\t\t<section class=\"elementor-section elementor-top-section elementor-element elementor-element-gubitk3 elementor-section-boxed elementor-section-height-default elementor-section-height-default\" data-id=\"gubitk3\" data-element_type=\"section\" data-e-type=\"section\" id=\"on-parle-de-nous\" data-settings=\"{&quot;background_background&quot;:&quot;gradient&quot;}\">\n\t\t\t\t\t\t\t<div class=\"elementor-background-overlay\"><\/div>\n\t\t\t\t\t\t\t<div class=\"elementor-container elementor-column-gap-no\">\n\t\t\t\t\t<div class=\"elementor-column elementor-col-100 elementor-top-column elementor-element elementor-element-79bec69f\" data-id=\"79bec69f\" data-element_type=\"column\" data-e-type=\"column\">\n\t\t\t<div class=\"elementor-widget-wrap elementor-element-populated\">\n\t\t\t\t\t\t<div class=\"elementor-element elementor-element-8f7c177 elementor-widget elementor-widget-heading\" data-id=\"8f7c177\" data-element_type=\"widget\" data-e-type=\"widget\" data-widget_type=\"heading.default\">\n\t\t\t\t<div class=\"elementor-widget-container\">\n\t\t\t\t\t<h1 class=\"elementor-heading-title elementor-size-default\">Publications<\/h1>\t\t\t\t<\/div>\n\t\t\t\t<\/div>\n\t\t\t\t\t<\/div>\n\t\t<\/div>\n\t\t\t\t\t<\/div>\n\t\t<\/section>\n\t\t\t\t<section class=\"elementor-section elementor-top-section elementor-element elementor-element-3318aa4 elementor-section-boxed elementor-section-height-default elementor-section-height-default\" data-id=\"3318aa4\" data-element_type=\"section\" data-e-type=\"section\">\n\t\t\t\t\t\t<div class=\"elementor-container elementor-column-gap-default\">\n\t\t\t\t\t<div class=\"elementor-column elementor-col-100 elementor-top-column elementor-element elementor-element-c7bde81\" data-id=\"c7bde81\" data-element_type=\"column\" data-e-type=\"column\">\n\t\t\t<div class=\"elementor-widget-wrap elementor-element-populated\">\n\t\t\t\t\t\t<div class=\"elementor-element elementor-element-b1e94f0 elementor-widget elementor-widget-spacer\" data-id=\"b1e94f0\" data-element_type=\"widget\" data-e-type=\"widget\" id=\"on-parle-de-nous\" data-widget_type=\"spacer.default\">\n\t\t\t\t<div class=\"elementor-widget-container\">\n\t\t\t\t\t\t\t<div class=\"elementor-spacer\">\n\t\t\t<div class=\"elementor-spacer-inner\"><\/div>\n\t\t<\/div>\n\t\t\t\t\t\t<\/div>\n\t\t\t\t<\/div>\n\t\t\t\t<div class=\"elementor-element elementor-element-d9cd6d2 elementor-widget elementor-widget-heading\" data-id=\"d9cd6d2\" data-element_type=\"widget\" data-e-type=\"widget\" data-widget_type=\"heading.default\">\n\t\t\t\t<div class=\"elementor-widget-container\">\n\t\t\t\t\t<h2 class=\"elementor-heading-title elementor-size-default\">We're talking about us<\/h2>\t\t\t\t<\/div>\n\t\t\t\t<\/div>\n\t\t\t\t<div class=\"elementor-element elementor-element-0249a57 elementor-widget-divider--view-line elementor-widget elementor-widget-divider\" data-id=\"0249a57\" data-element_type=\"widget\" data-e-type=\"widget\" data-widget_type=\"divider.default\">\n\t\t\t\t<div class=\"elementor-widget-container\">\n\t\t\t\t\t\t\t<div class=\"elementor-divider\">\n\t\t\t<span class=\"elementor-divider-separator\">\n\t\t\t\t\t\t<\/span>\n\t\t<\/div>\n\t\t\t\t\t\t<\/div>\n\t\t\t\t<\/div>\n\t\t\t\t\t<\/div>\n\t\t<\/div>\n\t\t\t\t\t<\/div>\n\t\t<\/section>\n\t\t\t\t<section class=\"elementor-section elementor-top-section elementor-element elementor-element-ab553e3 elementor-section-boxed elementor-section-height-default elementor-section-height-default\" data-id=\"ab553e3\" data-element_type=\"section\" data-e-type=\"section\">\n\t\t\t\t\t\t<div class=\"elementor-container elementor-column-gap-default\">\n\t\t\t\t\t<div class=\"elementor-column elementor-col-100 elementor-top-column elementor-element elementor-element-49f05bc\" data-id=\"49f05bc\" data-element_type=\"column\" data-e-type=\"column\">\n\t\t\t<div class=\"elementor-widget-wrap elementor-element-populated\">\n\t\t\t\t\t\t<div class=\"elementor-element elementor-element-68c7aef elementor-widget elementor-widget-text-editor\" data-id=\"68c7aef\" data-element_type=\"widget\" data-e-type=\"widget\" data-widget_type=\"text-editor.default\">\n\t\t\t\t<div class=\"elementor-widget-container\">\n\t\t\t\t\t\t\t\t\t<ul><li><a href=\"https:\/\/www.ledevoir.com\/societe\/justice\/780877\/violence-economique-la-rupture-n-est-pas-synonyme-de-la-fin-de-la-violence\" target=\"_blank\" rel=\"noopener\">\u00ab La violence \u00e9conomique, facette inconnue de la violence conjugale apr\u00e8s la rupture \u00bb<\/a>, dans <b>Le Devoir<\/b>, publi\u00e9 le 8 f\u00e9vrier 2023.\u00a0<\/li><li><a href=\"https:\/\/lactualite.com\/actualites\/femmes-handicapees-violentees-pas-de-maisons-dhebergement-de-2e-etape-a-montreal\/\" target=\"_blank\" rel=\"noopener\">\u00ab Femmes handicap\u00e9es violent\u00e9es : pas de maison d&rsquo;h\u00e9bergement de deuxi\u00e8me \u00e9tape \u00e0 Montr\u00e9al\u00bb<\/a>, dans <b>l&rsquo;Actualit\u00e9<\/b>, publi\u00e9 le 16 f\u00e9vrier 2021.\u00a0<\/li><li>\u00ab<a href=\"https:\/\/www.ledevoir.com\/societe\/573496\/dossier-violence-conjugale-parcours-de-combattantes\" target=\"_blank\" rel=\"noopener\"> Parcours de combattantes : les visages de la violence conjugale \u00bb<\/a>, dans <b>le Devoir, <\/b>publi\u00e9 le\u00a0 22 f\u00e9vrier 2020.\u00a0<\/li><li><a href=\"https:\/\/www.ledevoir.com\/societe\/573480\/dix-femmes-tuees-par-annee\" target=\"_blank\" rel=\"noopener\">\u00ab Dix femmes tu\u00e9es par ann\u00e9e \u00bb<\/a>, dans <b>le Devoir<\/b>, publi\u00e9 le 20 f\u00e9vrier 2020.<\/li><li><a href=\"https:\/\/www.tvanouvelles.ca\/2020\/01\/30\/trop-de-victimes-et-des-ressources-qui-debordent\" target=\"_blank\" rel=\"noopener\">\u00ab Trop de victimes et des ressources qui d\u00e9bordent \u00bb<\/a>, dans <b>TVA Nouvelles, <\/b>publi\u00e9 le 30 janvier 2020.\u00a0<\/li><li><a href=\"https:\/\/www.tvanouvelles.ca\/videos\/6128459654001\" target=\"_blank\" rel=\"noopener\">\u00ab Emprise \u00bb<\/a>, \u00e9mission portant sur la violence conjugale diffus\u00e9e \u00e0 l&rsquo;\u00e9mission <b>JE, <\/b>le 30 janvier 2020.\u00a0<\/li><li><a href=\"https:\/\/www.cbc.ca\/news\/canada\/montreal\/montreal-transitional-home-for-women-1.7001293\" target=\"_blank\" rel=\"noopener\">\u00ab New transitional home helps Montreal women leaving violent partner get back on their feet \u00bb<\/a>, sur <b>CBC News Montreal<\/b>, publi\u00e9 le 19 octobre 2023.\u00a0<\/li><\/ul>\t\t\t\t\t\t\t\t<\/div>\n\t\t\t\t<\/div>\n\t\t\t\t\t<\/div>\n\t\t<\/div>\n\t\t\t\t\t<\/div>\n\t\t<\/section>\n\t\t\t\t<section class=\"elementor-section elementor-top-section elementor-element elementor-element-187b479 elementor-section-boxed elementor-section-height-default elementor-section-height-default\" data-id=\"187b479\" data-element_type=\"section\" data-e-type=\"section\" id=\"communique-presse\">\n\t\t\t\t\t\t<div class=\"elementor-container elementor-column-gap-default\">\n\t\t\t\t\t<div class=\"elementor-column elementor-col-100 elementor-top-column elementor-element elementor-element-4bbfb24\" data-id=\"4bbfb24\" data-element_type=\"column\" data-e-type=\"column\">\n\t\t\t<div class=\"elementor-widget-wrap elementor-element-populated\">\n\t\t\t\t\t\t<div class=\"elementor-element elementor-element-e2e8fab elementor-widget elementor-widget-spacer\" data-id=\"e2e8fab\" data-element_type=\"widget\" data-e-type=\"widget\" id=\"communique-presse\" data-widget_type=\"spacer.default\">\n\t\t\t\t<div class=\"elementor-widget-container\">\n\t\t\t\t\t\t\t<div class=\"elementor-spacer\">\n\t\t\t<div class=\"elementor-spacer-inner\"><\/div>\n\t\t<\/div>\n\t\t\t\t\t\t<\/div>\n\t\t\t\t<\/div>\n\t\t\t\t\t<\/div>\n\t\t<\/div>\n\t\t\t\t\t<\/div>\n\t\t<\/section>\n\t\t\t\t<section class=\"elementor-section elementor-top-section elementor-element elementor-element-9b8d55a elementor-section-boxed elementor-section-height-default elementor-section-height-default\" data-id=\"9b8d55a\" data-element_type=\"section\" data-e-type=\"section\">\n\t\t\t\t\t\t<div class=\"elementor-container elementor-column-gap-default\">\n\t\t\t\t\t<div class=\"elementor-column elementor-col-100 elementor-top-column elementor-element elementor-element-a53129c\" data-id=\"a53129c\" data-element_type=\"column\" data-e-type=\"column\">\n\t\t\t<div class=\"elementor-widget-wrap elementor-element-populated\">\n\t\t\t\t\t\t<div class=\"elementor-element elementor-element-248f817 elementor-widget elementor-widget-heading\" data-id=\"248f817\" data-element_type=\"widget\" data-e-type=\"widget\" data-widget_type=\"heading.default\">\n\t\t\t\t<div class=\"elementor-widget-container\">\n\t\t\t\t\t<h2 class=\"elementor-heading-title elementor-size-default\">Press release<\/h2>\t\t\t\t<\/div>\n\t\t\t\t<\/div>\n\t\t\t\t<div class=\"elementor-element elementor-element-1936c0a elementor-widget-divider--view-line elementor-widget elementor-widget-divider\" data-id=\"1936c0a\" data-element_type=\"widget\" data-e-type=\"widget\" data-widget_type=\"divider.default\">\n\t\t\t\t<div class=\"elementor-widget-container\">\n\t\t\t\t\t\t\t<div class=\"elementor-divider\">\n\t\t\t<span class=\"elementor-divider-separator\">\n\t\t\t\t\t\t<\/span>\n\t\t<\/div>\n\t\t\t\t\t\t<\/div>\n\t\t\t\t<\/div>\n\t\t\t\t\t<\/div>\n\t\t<\/div>\n\t\t\t\t\t<\/div>\n\t\t<\/section>\n\t\t\t\t<section class=\"elementor-section elementor-top-section elementor-element elementor-element-163602c elementor-section-boxed elementor-section-height-default elementor-section-height-default\" data-id=\"163602c\" data-element_type=\"section\" data-e-type=\"section\">\n\t\t\t\t\t\t<div class=\"elementor-container elementor-column-gap-default\">\n\t\t\t\t\t<div class=\"elementor-column elementor-col-100 elementor-top-column elementor-element elementor-element-7ab420e\" data-id=\"7ab420e\" data-element_type=\"column\" data-e-type=\"column\">\n\t\t\t<div class=\"elementor-widget-wrap elementor-element-populated\">\n\t\t\t\t\t\t<div class=\"elementor-element elementor-element-4ae3cce elementor-widget elementor-widget-text-editor\" data-id=\"4ae3cce\" data-element_type=\"widget\" data-e-type=\"widget\" data-widget_type=\"text-editor.default\">\n\t\t\t\t<div class=\"elementor-widget-container\">\n\t\t\t\t\t\t\t\t\t<ul>\n<li><a href=\"https:\/\/dev2023.nouvelle-etape.org\/wp-content\/uploads\/2022\/02\/CP_2022.04.02_Nouvelle-Etape-1.pdf\" target=\"_blank\" rel=\"noopener\">Les<\/a><a href=\"https:\/\/dev2023.nouvelle-etape.org\/wp-content\/uploads\/2022\/02\/CP_2022.04.02_Nouvelle-Etape-1.pdf\" target=\"_blank\" rel=\"noopener\"> femmes et les enfants victimes de violence conjugale et en situation de handicap auront enfin acc\u00e8s \u00e0 de l&rsquo;h\u00e9bergement de 2e \u00e9tape \u00e0 Montr\u00e9al<\/a>&nbsp;| Communiqu\u00e9 de presse, Montr\u00e9al, le 25 f\u00e9vrier 2022.<\/li>\n<li><a href=\"https:\/\/dev2023.nouvelle-etape.org\/wp-content\/uploads\/2023\/10\/C.P._2023-10-30_Nouvelle-Etape-1.pdf\" target=\"_blank\" rel=\"noopener\" style=\"\">Desjardins octroie 300 000$ pour bonifier et adapter des services en violence conjugale posts\u00e9paration&nbsp;<\/a>| Communiqu\u00e9 de presse, Montr\u00e9al, le 30 octobre 2023.&nbsp;<br><\/li>\n<\/ul>\t\t\t\t\t\t\t\t<\/div>\n\t\t\t\t<\/div>\n\t\t\t\t\t<\/div>\n\t\t<\/div>\n\t\t\t\t\t<\/div>\n\t\t<\/section>\n\t\t\t\t<section class=\"elementor-section elementor-top-section elementor-element elementor-element-62c38b5 elementor-section-boxed elementor-section-height-default elementor-section-height-default\" data-id=\"62c38b5\" data-element_type=\"section\" data-e-type=\"section\">\n\t\t\t\t\t\t<div class=\"elementor-container elementor-column-gap-default\">\n\t\t\t\t\t<div class=\"elementor-column elementor-col-100 elementor-top-column elementor-element elementor-element-4d8ea23\" data-id=\"4d8ea23\" data-element_type=\"column\" data-e-type=\"column\">\n\t\t\t<div class=\"elementor-widget-wrap elementor-element-populated\">\n\t\t\t\t\t\t<div class=\"elementor-element elementor-element-01ee985 elementor-widget elementor-widget-spacer\" data-id=\"01ee985\" data-element_type=\"widget\" data-e-type=\"widget\" data-widget_type=\"spacer.default\">\n\t\t\t\t<div class=\"elementor-widget-container\">\n\t\t\t\t\t\t\t<div class=\"elementor-spacer\">\n\t\t\t<div class=\"elementor-spacer-inner\"><\/div>\n\t\t<\/div>\n\t\t\t\t\t\t<\/div>\n\t\t\t\t<\/div>\n\t\t\t\t\t<\/div>\n\t\t<\/div>\n\t\t\t\t\t<\/div>\n\t\t<\/section>\n\t\t\t\t<\/div>","protected":false},"excerpt":{"rendered":"<p>Publications On parle de nous ! \u00ab La violence \u00e9conomique, facette inconnue de la violence conjugale apr\u00e8s la rupture \u00bb, dans Le Devoir, publi\u00e9 le 8 f\u00e9vrier 2023.\u00a0 \u00ab Femmes handicap\u00e9es violent\u00e9es : pas de maison d&rsquo;h\u00e9bergement de deuxi\u00e8me \u00e9tape \u00e0 Montr\u00e9al\u00bb, dans l&rsquo;Actualit\u00e9, publi\u00e9 le 16 f\u00e9vrier 2021.\u00a0 \u00ab Parcours de combattantes : les [&hellip;]<\/p>\n","protected":false},"author":1,"featured_media":0,"parent":0,"menu_order":0,"comment_status":"closed","ping_status":"closed","template":"","meta":{"_uag_custom_page_level_css":"","site-sidebar-layout":"no-sidebar","site-content-layout":"page-builder","ast-site-content-layout":"default","site-content-style":"default","site-sidebar-style":"default","ast-global-header-display":"","ast-banner-title-visibility":"","ast-main-header-display":"","ast-hfb-above-header-display":"","ast-hfb-below-header-display":"","ast-hfb-mobile-header-display":"","site-post-title":"disabled","ast-breadcrumbs-content":"","ast-featured-img":"disabled","footer-sml-layout":"","theme-transparent-header-meta":"default","adv-header-id-meta":"","stick-header-meta":"","header-above-stick-meta":"","header-main-stick-meta":"","header-below-stick-meta":"","astra-migrate-meta-layouts":"default","ast-page-background-enabled":"default","ast-page-background-meta":{"desktop":{"background-color":"","background-image":"","background-repeat":"repeat","background-position":"center center","background-size":"auto","background-attachment":"scroll","background-type":"","background-media":"","overlay-type":"","overlay-color":"","overlay-opacity":"","overlay-gradient":""},"tablet":{"background-color":"","background-image":"","background-repeat":"repeat","background-position":"center center","background-size":"auto","background-attachment":"scroll","background-type":"","background-media":"","overlay-type":"","overlay-color":"","overlay-opacity":"","overlay-gradient":""},"mobile":{"background-color":"","background-image":"","background-repeat":"repeat","background-position":"center center","background-size":"auto","background-attachment":"scroll","background-type":"","background-media":"","overlay-type":"","overlay-color":"","overlay-opacity":"","overlay-gradient":""}},"ast-content-background-meta":{"desktop":{"background-color":"var(--ast-global-color-5)","background-image":"","background-repeat":"repeat","background-position":"center center","background-size":"auto","background-attachment":"scroll","background-type":"","background-media":"","overlay-type":"","overlay-color":"","overlay-opacity":"","overlay-gradient":""},"tablet":{"background-color":"var(--ast-global-color-5)","background-image":"","background-repeat":"repeat","background-position":"center center","background-size":"auto","background-attachment":"scroll","background-type":"","background-media":"","overlay-type":"","overlay-color":"","overlay-opacity":"","overlay-gradient":""},"mobile":{"background-color":"var(--ast-global-color-5)","background-image":"","background-repeat":"repeat","background-position":"center center","background-size":"auto","background-attachment":"scroll","background-type":"","background-media":"","overlay-type":"","overlay-color":"","overlay-opacity":"","overlay-gradient":""}},"footnotes":""},"class_list":["post-2229","page","type-page","status-publish","hentry"],"yoast_head":"<!-- This site is optimized with the Yoast SEO plugin v27.5 - https:\/\/yoast.com\/product\/yoast-seo-wordpress\/ -->\n<title>Nouvelle-\u00c9tape - Publications<\/title>\n<meta name=\"description\" content=\"Revue de presse et communiqu\u00e9 de presse.\" \/>\n<meta name=\"robots\" content=\"index, follow, max-snippet:-1, max-image-preview:large, max-video-preview:-1\" \/>\n<link rel=\"canonical\" href=\"https:\/\/nouvelle-etape.org\/en\/publications\/\" \/>\n<meta property=\"og:locale\" content=\"en_US\" \/>\n<meta property=\"og:type\" content=\"article\" \/>\n<meta property=\"og:title\" content=\"Nouvelle-\u00c9tape - Publications\" \/>\n<meta property=\"og:description\" content=\"Revue de presse et communiqu\u00e9 de presse.\" \/>\n<meta property=\"og:url\" content=\"https:\/\/nouvelle-etape.org\/en\/publications\/\" \/>\n<meta property=\"og:site_name\" content=\"Nouvelle-\u00c9tape\" \/>\n<meta property=\"article:modified_time\" content=\"2024-12-02T21:39:43+00:00\" \/>\n<meta name=\"twitter:card\" content=\"summary_large_image\" \/>\n<meta name=\"twitter:label1\" content=\"Est. reading time\" \/>\n\t<meta name=\"twitter:data1\" content=\"1 minute\" \/>\n<script type=\"application\/ld+json\" class=\"yoast-schema-graph\">{\"@context\":\"https:\\\/\\\/schema.org\",\"@graph\":[{\"@type\":\"WebPage\",\"@id\":\"https:\\\/\\\/nouvelle-etape.org\\\/publications\\\/\",\"url\":\"https:\\\/\\\/nouvelle-etape.org\\\/publications\\\/\",\"name\":\"Nouvelle-\u00c9tape - Publications\",\"isPartOf\":{\"@id\":\"https:\\\/\\\/nouvelle-etape.org\\\/en\\\/#website\"},\"datePublished\":\"2021-11-04T15:48:14+00:00\",\"dateModified\":\"2024-12-02T21:39:43+00:00\",\"description\":\"Revue de presse et communiqu\u00e9 de presse.\",\"breadcrumb\":{\"@id\":\"https:\\\/\\\/nouvelle-etape.org\\\/publications\\\/#breadcrumb\"},\"inLanguage\":\"en-CA\",\"potentialAction\":[{\"@type\":\"ReadAction\",\"target\":[\"https:\\\/\\\/nouvelle-etape.org\\\/publications\\\/\"]}]},{\"@type\":\"BreadcrumbList\",\"@id\":\"https:\\\/\\\/nouvelle-etape.org\\\/publications\\\/#breadcrumb\",\"itemListElement\":[{\"@type\":\"ListItem\",\"position\":1,\"name\":\"Accueil\",\"item\":\"https:\\\/\\\/nouvelle-etape.org\\\/\"},{\"@type\":\"ListItem\",\"position\":2,\"name\":\"Publications\"}]},{\"@type\":\"WebSite\",\"@id\":\"https:\\\/\\\/nouvelle-etape.org\\\/en\\\/#website\",\"url\":\"https:\\\/\\\/nouvelle-etape.org\\\/en\\\/\",\"name\":\"Nouvelle-\u00c9tape\",\"description\":\"Services sp\u00e9cialis\u00e9s en violence conjugale post-s\u00e9paration\",\"publisher\":{\"@id\":\"https:\\\/\\\/nouvelle-etape.org\\\/en\\\/#organization\"},\"potentialAction\":[{\"@type\":\"SearchAction\",\"target\":{\"@type\":\"EntryPoint\",\"urlTemplate\":\"https:\\\/\\\/nouvelle-etape.org\\\/en\\\/?s={search_term_string}\"},\"query-input\":{\"@type\":\"PropertyValueSpecification\",\"valueRequired\":true,\"valueName\":\"search_term_string\"}}],\"inLanguage\":\"en-CA\"},{\"@type\":\"Organization\",\"@id\":\"https:\\\/\\\/nouvelle-etape.org\\\/en\\\/#organization\",\"name\":\"Nouvelle-\u00c9tape\",\"url\":\"https:\\\/\\\/nouvelle-etape.org\\\/en\\\/\",\"logo\":{\"@type\":\"ImageObject\",\"inLanguage\":\"en-CA\",\"@id\":\"https:\\\/\\\/nouvelle-etape.org\\\/en\\\/#\\\/schema\\\/logo\\\/image\\\/\",\"url\":\"https:\\\/\\\/nouvelle-etape.org\\\/wp-content\\\/uploads\\\/2024\\\/03\\\/cropped-NE_Grand_Coul_Trans.png\",\"contentUrl\":\"https:\\\/\\\/nouvelle-etape.org\\\/wp-content\\\/uploads\\\/2024\\\/03\\\/cropped-NE_Grand_Coul_Trans.png\",\"width\":4992,\"height\":4992,\"caption\":\"Nouvelle-\u00c9tape\"},\"image\":{\"@id\":\"https:\\\/\\\/nouvelle-etape.org\\\/en\\\/#\\\/schema\\\/logo\\\/image\\\/\"}}]}<\/script>\n<!-- \/ Yoast SEO plugin. -->","yoast_head_json":{"title":"Nouvelle-\u00c9tape - Publications","description":"Revue de presse et communiqu\u00e9 de presse.","robots":{"index":"index","follow":"follow","max-snippet":"max-snippet:-1","max-image-preview":"max-image-preview:large","max-video-preview":"max-video-preview:-1"},"canonical":"https:\/\/nouvelle-etape.org\/en\/publications\/","og_locale":"en_US","og_type":"article","og_title":"Nouvelle-\u00c9tape - Publications","og_description":"Revue de presse et communiqu\u00e9 de presse.","og_url":"https:\/\/nouvelle-etape.org\/en\/publications\/","og_site_name":"Nouvelle-\u00c9tape","article_modified_time":"2024-12-02T21:39:43+00:00","twitter_card":"summary_large_image","twitter_misc":{"Est. reading time":"1 minute"},"schema":{"@context":"https:\/\/schema.org","@graph":[{"@type":"WebPage","@id":"https:\/\/nouvelle-etape.org\/publications\/","url":"https:\/\/nouvelle-etape.org\/publications\/","name":"Nouvelle-\u00c9tape - Publications","isPartOf":{"@id":"https:\/\/nouvelle-etape.org\/en\/#website"},"datePublished":"2021-11-04T15:48:14+00:00","dateModified":"2024-12-02T21:39:43+00:00","description":"Revue de presse et communiqu\u00e9 de presse.","breadcrumb":{"@id":"https:\/\/nouvelle-etape.org\/publications\/#breadcrumb"},"inLanguage":"en-CA","potentialAction":[{"@type":"ReadAction","target":["https:\/\/nouvelle-etape.org\/publications\/"]}]},{"@type":"BreadcrumbList","@id":"https:\/\/nouvelle-etape.org\/publications\/#breadcrumb","itemListElement":[{"@type":"ListItem","position":1,"name":"Accueil","item":"https:\/\/nouvelle-etape.org\/"},{"@type":"ListItem","position":2,"name":"Publications"}]},{"@type":"WebSite","@id":"https:\/\/nouvelle-etape.org\/en\/#website","url":"https:\/\/nouvelle-etape.org\/en\/","name":"Nouvelle-\u00c9tape","description":"Services sp\u00e9cialis\u00e9s en violence conjugale post-s\u00e9paration","publisher":{"@id":"https:\/\/nouvelle-etape.org\/en\/#organization"},"potentialAction":[{"@type":"SearchAction","target":{"@type":"EntryPoint","urlTemplate":"https:\/\/nouvelle-etape.org\/en\/?s={search_term_string}"},"query-input":{"@type":"PropertyValueSpecification","valueRequired":true,"valueName":"search_term_string"}}],"inLanguage":"en-CA"},{"@type":"Organization","@id":"https:\/\/nouvelle-etape.org\/en\/#organization","name":"Nouvelle-\u00c9tape","url":"https:\/\/nouvelle-etape.org\/en\/","logo":{"@type":"ImageObject","inLanguage":"en-CA","@id":"https:\/\/nouvelle-etape.org\/en\/#\/schema\/logo\/image\/","url":"https:\/\/nouvelle-etape.org\/wp-content\/uploads\/2024\/03\/cropped-NE_Grand_Coul_Trans.png","contentUrl":"https:\/\/nouvelle-etape.org\/wp-content\/uploads\/2024\/03\/cropped-NE_Grand_Coul_Trans.png","width":4992,"height":4992,"caption":"Nouvelle-\u00c9tape"},"image":{"@id":"https:\/\/nouvelle-etape.org\/en\/#\/schema\/logo\/image\/"}}]}},"uagb_featured_image_src":{"full":false,"thumbnail":false,"medium":false,"medium_large":false,"large":false,"1536x1536":false,"2048x2048":false,"trp-custom-language-flag":false},"uagb_author_info":{"display_name":"admin_comms","author_link":"https:\/\/nouvelle-etape.org\/en\/author\/admin_comms\/"},"uagb_comment_info":0,"uagb_excerpt":"Publications On parle de nous ! \u00ab La violence \u00e9conomique, facette inconnue de la violence conjugale apr\u00e8s la rupture \u00bb, dans Le Devoir, publi\u00e9 le 8 f\u00e9vrier 2023.\u00a0 \u00ab Femmes handicap\u00e9es violent\u00e9es : pas de maison d&rsquo;h\u00e9bergement de deuxi\u00e8me \u00e9tape \u00e0 Montr\u00e9al\u00bb, dans l&rsquo;Actualit\u00e9, publi\u00e9 le 16 f\u00e9vrier 2021.\u00a0 \u00ab Parcours de combattantes : les&hellip;","_links":{"self":[{"href":"https:\/\/nouvelle-etape.org\/en\/wp-json\/wp\/v2\/pages\/2229","targetHints":{"allow":["GET"]}}],"collection":[{"href":"https:\/\/nouvelle-etape.org\/en\/wp-json\/wp\/v2\/pages"}],"about":[{"href":"https:\/\/nouvelle-etape.org\/en\/wp-json\/wp\/v2\/types\/page"}],"author":[{"embeddable":true,"href":"https:\/\/nouvelle-etape.org\/en\/wp-json\/wp\/v2\/users\/1"}],"replies":[{"embeddable":true,"href":"https:\/\/nouvelle-etape.org\/en\/wp-json\/wp\/v2\/comments?post=2229"}],"version-history":[{"count":129,"href":"https:\/\/nouvelle-etape.org\/en\/wp-json\/wp\/v2\/pages\/2229\/revisions"}],"predecessor-version":[{"id":5446,"href":"https:\/\/nouvelle-etape.org\/en\/wp-json\/wp\/v2\/pages\/2229\/revisions\/5446"}],"wp:attachment":[{"href":"https:\/\/nouvelle-etape.org\/en\/wp-json\/wp\/v2\/media?parent=2229"}],"curies":[{"name":"wp","href":"https:\/\/api.w.org\/{rel}","templated":true}]}}