{"id":5578,"date":"2025-05-02T14:20:30","date_gmt":"2025-05-02T14:20:30","guid":{"rendered":"https:\/\/nouvelle-etape.org\/?page_id=5578"},"modified":"2025-05-02T14:33:32","modified_gmt":"2025-05-02T14:33:32","slug":"declaration-de-services-aux-personnes-victimes-dinfractions-criminelles","status":"publish","type":"page","link":"https:\/\/nouvelle-etape.org\/en\/declaration-de-services-aux-personnes-victimes-dinfractions-criminelles\/","title":{"rendered":"D\u00e9claration de services aux personnes victimes d&rsquo;infractions criminelles"},"content":{"rendered":"<p>Consutlez ou t\u00e9l\u00e9chargez la  \u00ab\u00a0D\u00e9claration de services aux personnes victimes d&rsquo;infractions criminelles\u00a0\u00bb disponible ci-dessous. <\/p>\n\n\n\n<div data-wp-interactive=\"core\/file\" class=\"wp-block-file\"><object data-wp-bind--hidden=\"!state.hasPdfPreview\" hidden class=\"wp-block-file__embed\" data=\"https:\/\/nouvelle-etape.org\/wp-content\/uploads\/2025\/05\/Declaration-de-services-aux-victimes-dinfractions-criminelles-Nouvelle-Etape.pdf\" type=\"application\/pdf\" style=\"width:100%;height:600px\" aria-label=\"Embed of De\u0301claration de services aux victimes d&#039;infractions criminelles- Nouvelle-E\u0301tape.\"><\/object><a id=\"wp-block-file--media-38240a4c-7239-4553-aba6-6eb7081ca70b\" href=\"https:\/\/nouvelle-etape.org\/wp-content\/uploads\/2025\/05\/Declaration-de-services-aux-victimes-dinfractions-criminelles-Nouvelle-Etape.pdf\">De\u0301claration de services aux victimes d&rsquo;infractions criminelles- Nouvelle-E\u0301tape<\/a><a href=\"https:\/\/nouvelle-etape.org\/wp-content\/uploads\/2025\/05\/Declaration-de-services-aux-victimes-dinfractions-criminelles-Nouvelle-Etape.pdf\" class=\"wp-block-file__button wp-element-button\" download aria-describedby=\"wp-block-file--media-38240a4c-7239-4553-aba6-6eb7081ca70b\">T\u00e9l\u00e9charger<\/a><\/div>\n\n\n\n<p><\/p>","protected":false},"excerpt":{"rendered":"<p>Consutlez ou t\u00e9l\u00e9chargez la \u00ab\u00a0D\u00e9claration de services aux personnes victimes d&rsquo;infractions criminelles\u00a0\u00bb disponible ci-dessous.<\/p>","protected":false},"author":1,"featured_media":0,"parent":0,"menu_order":0,"comment_status":"closed","ping_status":"closed","template":"","meta":{"_uag_custom_page_level_css":"","site-sidebar-layout":"no-sidebar","site-content-layout":"page-builder","ast-site-content-layout":"full-width-container","site-content-style":"default","site-sidebar-style":"default","ast-global-header-display":"","ast-banner-title-visibility":"","ast-main-header-display":"","ast-hfb-above-header-display":"","ast-hfb-below-header-display":"","ast-hfb-mobile-header-display":"","site-post-title":"disabled","ast-breadcrumbs-content":"","ast-featured-img":"disabled","footer-sml-layout":"","theme-transparent-header-meta":"","adv-header-id-meta":"","stick-header-meta":"","header-above-stick-meta":"","header-main-stick-meta":"","header-below-stick-meta":"","astra-migrate-meta-layouts":"set","ast-page-background-enabled":"default","ast-page-background-meta":{"desktop":{"background-color":"","background-image":"","background-repeat":"repeat","background-position":"center center","background-size":"auto","background-attachment":"scroll","background-type":"","background-media":"","overlay-type":"","overlay-color":"","overlay-opacity":"","overlay-gradient":""},"tablet":{"background-color":"","background-image":"","background-repeat":"repeat","background-position":"center center","background-size":"auto","background-attachment":"scroll","background-type":"","background-media":"","overlay-type":"","overlay-color":"","overlay-opacity":"","overlay-gradient":""},"mobile":{"background-color":"","background-image":"","background-repeat":"repeat","background-position":"center center","background-size":"auto","background-attachment":"scroll","background-type":"","background-media":"","overlay-type":"","overlay-color":"","overlay-opacity":"","overlay-gradient":""}},"ast-content-background-meta":{"desktop":{"background-color":"var(--ast-global-color-5)","background-image":"","background-repeat":"repeat","background-position":"center center","background-size":"auto","background-attachment":"scroll","background-type":"","background-media":"","overlay-type":"","overlay-color":"","overlay-opacity":"","overlay-gradient":""},"tablet":{"background-color":"var(--ast-global-color-5)","background-image":"","background-repeat":"repeat","background-position":"center center","background-size":"auto","background-attachment":"scroll","background-type":"","background-media":"","overlay-type":"","overlay-color":"","overlay-opacity":"","overlay-gradient":""},"mobile":{"background-color":"var(--ast-global-color-5)","background-image":"","background-repeat":"repeat","background-position":"center center","background-size":"auto","background-attachment":"scroll","background-type":"","background-media":"","overlay-type":"","overlay-color":"","overlay-opacity":"","overlay-gradient":""}},"footnotes":""},"class_list":["post-5578","page","type-page","status-publish","hentry"],"yoast_head":"<!-- This site is optimized with the Yoast SEO plugin v27.4 - https:\/\/yoast.com\/product\/yoast-seo-wordpress\/ -->\n<title>Nouvelle-\u00c9tape Nouvelle-\u00c9tape<\/title>\n<meta name=\"description\" content=\"Nouvelle-\u00c9tape Services sp\u00e9cialis\u00e9s en violence conjugale posts\u00e9paration. Plus de 30 ann\u00e9es de travail avec les femmes et et les enfants.\" \/>\n<meta name=\"robots\" content=\"index, follow, max-snippet:-1, max-image-preview:large, max-video-preview:-1\" \/>\n<link rel=\"canonical\" href=\"https:\/\/nouvelle-etape.org\/en\/declaration-de-services-aux-personnes-victimes-dinfractions-criminelles\/\" \/>\n<meta property=\"og:locale\" content=\"en_US\" \/>\n<meta property=\"og:type\" content=\"article\" \/>\n<meta property=\"og:title\" content=\"Nouvelle-\u00c9tape Nouvelle-\u00c9tape\" \/>\n<meta property=\"og:description\" content=\"Nouvelle-\u00c9tape Services sp\u00e9cialis\u00e9s en violence conjugale posts\u00e9paration. Plus de 30 ann\u00e9es de travail avec les femmes et et les enfants.\" \/>\n<meta property=\"og:url\" content=\"https:\/\/nouvelle-etape.org\/en\/declaration-de-services-aux-personnes-victimes-dinfractions-criminelles\/\" \/>\n<meta property=\"og:site_name\" content=\"Nouvelle-\u00c9tape\" \/>\n<meta property=\"article:modified_time\" content=\"2025-05-02T14:33:32+00:00\" \/>\n<meta name=\"twitter:card\" content=\"summary_large_image\" \/>\n<script type=\"application\/ld+json\" class=\"yoast-schema-graph\">{\"@context\":\"https:\\\/\\\/schema.org\",\"@graph\":[{\"@type\":\"WebPage\",\"@id\":\"https:\\\/\\\/nouvelle-etape.org\\\/declaration-de-services-aux-personnes-victimes-dinfractions-criminelles\\\/\",\"url\":\"https:\\\/\\\/nouvelle-etape.org\\\/declaration-de-services-aux-personnes-victimes-dinfractions-criminelles\\\/\",\"name\":\"Nouvelle-\u00c9tape Nouvelle-\u00c9tape\",\"isPartOf\":{\"@id\":\"https:\\\/\\\/nouvelle-etape.org\\\/en\\\/#website\"},\"datePublished\":\"2025-05-02T14:20:30+00:00\",\"dateModified\":\"2025-05-02T14:33:32+00:00\",\"description\":\"Nouvelle-\u00c9tape Services sp\u00e9cialis\u00e9s en violence conjugale posts\u00e9paration. Plus de 30 ann\u00e9es de travail avec les femmes et et les enfants.\",\"breadcrumb\":{\"@id\":\"https:\\\/\\\/nouvelle-etape.org\\\/declaration-de-services-aux-personnes-victimes-dinfractions-criminelles\\\/#breadcrumb\"},\"inLanguage\":\"en-CA\",\"potentialAction\":[{\"@type\":\"ReadAction\",\"target\":[\"https:\\\/\\\/nouvelle-etape.org\\\/declaration-de-services-aux-personnes-victimes-dinfractions-criminelles\\\/\"]}]},{\"@type\":\"BreadcrumbList\",\"@id\":\"https:\\\/\\\/nouvelle-etape.org\\\/declaration-de-services-aux-personnes-victimes-dinfractions-criminelles\\\/#breadcrumb\",\"itemListElement\":[{\"@type\":\"ListItem\",\"position\":1,\"name\":\"Accueil\",\"item\":\"https:\\\/\\\/nouvelle-etape.org\\\/\"},{\"@type\":\"ListItem\",\"position\":2,\"name\":\"D\u00e9claration de services aux personnes victimes d&rsquo;infractions criminelles\"}]},{\"@type\":\"WebSite\",\"@id\":\"https:\\\/\\\/nouvelle-etape.org\\\/en\\\/#website\",\"url\":\"https:\\\/\\\/nouvelle-etape.org\\\/en\\\/\",\"name\":\"Nouvelle-\u00c9tape\",\"description\":\"Services sp\u00e9cialis\u00e9s en violence conjugale post-s\u00e9paration\",\"publisher\":{\"@id\":\"https:\\\/\\\/nouvelle-etape.org\\\/en\\\/#organization\"},\"potentialAction\":[{\"@type\":\"SearchAction\",\"target\":{\"@type\":\"EntryPoint\",\"urlTemplate\":\"https:\\\/\\\/nouvelle-etape.org\\\/en\\\/?s={search_term_string}\"},\"query-input\":{\"@type\":\"PropertyValueSpecification\",\"valueRequired\":true,\"valueName\":\"search_term_string\"}}],\"inLanguage\":\"en-CA\"},{\"@type\":\"Organization\",\"@id\":\"https:\\\/\\\/nouvelle-etape.org\\\/en\\\/#organization\",\"name\":\"Nouvelle-\u00c9tape\",\"url\":\"https:\\\/\\\/nouvelle-etape.org\\\/en\\\/\",\"logo\":{\"@type\":\"ImageObject\",\"inLanguage\":\"en-CA\",\"@id\":\"https:\\\/\\\/nouvelle-etape.org\\\/en\\\/#\\\/schema\\\/logo\\\/image\\\/\",\"url\":\"https:\\\/\\\/nouvelle-etape.org\\\/wp-content\\\/uploads\\\/2024\\\/03\\\/cropped-NE_Grand_Coul_Trans.png\",\"contentUrl\":\"https:\\\/\\\/nouvelle-etape.org\\\/wp-content\\\/uploads\\\/2024\\\/03\\\/cropped-NE_Grand_Coul_Trans.png\",\"width\":4992,\"height\":4992,\"caption\":\"Nouvelle-\u00c9tape\"},\"image\":{\"@id\":\"https:\\\/\\\/nouvelle-etape.org\\\/en\\\/#\\\/schema\\\/logo\\\/image\\\/\"}}]}<\/script>\n<!-- \/ Yoast SEO plugin. -->","yoast_head_json":{"title":"Nouvelle-\u00c9tape Nouvelle-\u00c9tape","description":"Nouvelle-\u00c9tape Services sp\u00e9cialis\u00e9s en violence conjugale posts\u00e9paration. Plus de 30 ann\u00e9es de travail avec les femmes et et les enfants.","robots":{"index":"index","follow":"follow","max-snippet":"max-snippet:-1","max-image-preview":"max-image-preview:large","max-video-preview":"max-video-preview:-1"},"canonical":"https:\/\/nouvelle-etape.org\/en\/declaration-de-services-aux-personnes-victimes-dinfractions-criminelles\/","og_locale":"en_US","og_type":"article","og_title":"Nouvelle-\u00c9tape Nouvelle-\u00c9tape","og_description":"Nouvelle-\u00c9tape Services sp\u00e9cialis\u00e9s en violence conjugale posts\u00e9paration. Plus de 30 ann\u00e9es de travail avec les femmes et et les enfants.","og_url":"https:\/\/nouvelle-etape.org\/en\/declaration-de-services-aux-personnes-victimes-dinfractions-criminelles\/","og_site_name":"Nouvelle-\u00c9tape","article_modified_time":"2025-05-02T14:33:32+00:00","twitter_card":"summary_large_image","schema":{"@context":"https:\/\/schema.org","@graph":[{"@type":"WebPage","@id":"https:\/\/nouvelle-etape.org\/declaration-de-services-aux-personnes-victimes-dinfractions-criminelles\/","url":"https:\/\/nouvelle-etape.org\/declaration-de-services-aux-personnes-victimes-dinfractions-criminelles\/","name":"Nouvelle-\u00c9tape Nouvelle-\u00c9tape","isPartOf":{"@id":"https:\/\/nouvelle-etape.org\/en\/#website"},"datePublished":"2025-05-02T14:20:30+00:00","dateModified":"2025-05-02T14:33:32+00:00","description":"Nouvelle-\u00c9tape Services sp\u00e9cialis\u00e9s en violence conjugale posts\u00e9paration. Plus de 30 ann\u00e9es de travail avec les femmes et et les enfants.","breadcrumb":{"@id":"https:\/\/nouvelle-etape.org\/declaration-de-services-aux-personnes-victimes-dinfractions-criminelles\/#breadcrumb"},"inLanguage":"en-CA","potentialAction":[{"@type":"ReadAction","target":["https:\/\/nouvelle-etape.org\/declaration-de-services-aux-personnes-victimes-dinfractions-criminelles\/"]}]},{"@type":"BreadcrumbList","@id":"https:\/\/nouvelle-etape.org\/declaration-de-services-aux-personnes-victimes-dinfractions-criminelles\/#breadcrumb","itemListElement":[{"@type":"ListItem","position":1,"name":"Accueil","item":"https:\/\/nouvelle-etape.org\/"},{"@type":"ListItem","position":2,"name":"D\u00e9claration de services aux personnes victimes d&rsquo;infractions criminelles"}]},{"@type":"WebSite","@id":"https:\/\/nouvelle-etape.org\/en\/#website","url":"https:\/\/nouvelle-etape.org\/en\/","name":"Nouvelle-\u00c9tape","description":"Services sp\u00e9cialis\u00e9s en violence conjugale post-s\u00e9paration","publisher":{"@id":"https:\/\/nouvelle-etape.org\/en\/#organization"},"potentialAction":[{"@type":"SearchAction","target":{"@type":"EntryPoint","urlTemplate":"https:\/\/nouvelle-etape.org\/en\/?s={search_term_string}"},"query-input":{"@type":"PropertyValueSpecification","valueRequired":true,"valueName":"search_term_string"}}],"inLanguage":"en-CA"},{"@type":"Organization","@id":"https:\/\/nouvelle-etape.org\/en\/#organization","name":"Nouvelle-\u00c9tape","url":"https:\/\/nouvelle-etape.org\/en\/","logo":{"@type":"ImageObject","inLanguage":"en-CA","@id":"https:\/\/nouvelle-etape.org\/en\/#\/schema\/logo\/image\/","url":"https:\/\/nouvelle-etape.org\/wp-content\/uploads\/2024\/03\/cropped-NE_Grand_Coul_Trans.png","contentUrl":"https:\/\/nouvelle-etape.org\/wp-content\/uploads\/2024\/03\/cropped-NE_Grand_Coul_Trans.png","width":4992,"height":4992,"caption":"Nouvelle-\u00c9tape"},"image":{"@id":"https:\/\/nouvelle-etape.org\/en\/#\/schema\/logo\/image\/"}}]}},"uagb_featured_image_src":{"full":false,"thumbnail":false,"medium":false,"medium_large":false,"large":false,"1536x1536":false,"2048x2048":false,"trp-custom-language-flag":false},"uagb_author_info":{"display_name":"admin_comms","author_link":"https:\/\/nouvelle-etape.org\/en\/author\/admin_comms\/"},"uagb_comment_info":0,"uagb_excerpt":"Consutlez ou t\u00e9l\u00e9chargez la \u00ab\u00a0D\u00e9claration de services aux personnes victimes d&rsquo;infractions criminelles\u00a0\u00bb disponible ci-dessous.","_links":{"self":[{"href":"https:\/\/nouvelle-etape.org\/en\/wp-json\/wp\/v2\/pages\/5578","targetHints":{"allow":["GET"]}}],"collection":[{"href":"https:\/\/nouvelle-etape.org\/en\/wp-json\/wp\/v2\/pages"}],"about":[{"href":"https:\/\/nouvelle-etape.org\/en\/wp-json\/wp\/v2\/types\/page"}],"author":[{"embeddable":true,"href":"https:\/\/nouvelle-etape.org\/en\/wp-json\/wp\/v2\/users\/1"}],"replies":[{"embeddable":true,"href":"https:\/\/nouvelle-etape.org\/en\/wp-json\/wp\/v2\/comments?post=5578"}],"version-history":[{"count":6,"href":"https:\/\/nouvelle-etape.org\/en\/wp-json\/wp\/v2\/pages\/5578\/revisions"}],"predecessor-version":[{"id":5588,"href":"https:\/\/nouvelle-etape.org\/en\/wp-json\/wp\/v2\/pages\/5578\/revisions\/5588"}],"wp:attachment":[{"href":"https:\/\/nouvelle-etape.org\/en\/wp-json\/wp\/v2\/media?parent=5578"}],"curies":[{"name":"wp","href":"https:\/\/api.w.org\/{rel}","templated":true}]}}