{"id":701,"date":"2021-10-13T14:18:01","date_gmt":"2021-10-13T14:18:01","guid":{"rendered":"https:\/\/nouvelle-etape.org\/conception\/?page_id=701"},"modified":"2023-07-19T20:18:11","modified_gmt":"2023-07-19T20:18:11","slug":"temoignages","status":"publish","type":"page","link":"https:\/\/nouvelle-etape.org\/en\/temoignages\/","title":{"rendered":"Testimonials"},"content":{"rendered":"<div data-elementor-type=\"wp-page\" data-elementor-id=\"701\" class=\"elementor elementor-701\">\n\t\t\t\t\t\t<section class=\"elementor-section elementor-top-section elementor-element elementor-element-g9urjai elementor-section-boxed elementor-section-height-default elementor-section-height-default\" data-id=\"g9urjai\" data-element_type=\"section\" data-e-type=\"section\" data-settings=\"{&quot;background_background&quot;:&quot;classic&quot;}\">\n\t\t\t\t\t\t\t<div class=\"elementor-background-overlay\"><\/div>\n\t\t\t\t\t\t\t<div class=\"elementor-container elementor-column-gap-no\">\n\t\t\t\t\t<div class=\"elementor-column elementor-col-100 elementor-top-column elementor-element elementor-element-445d3a0\" data-id=\"445d3a0\" data-element_type=\"column\" data-e-type=\"column\">\n\t\t\t<div class=\"elementor-widget-wrap elementor-element-populated\">\n\t\t\t\t\t\t<div class=\"elementor-element elementor-element-43ed431 elementor-widget elementor-widget-heading\" data-id=\"43ed431\" data-element_type=\"widget\" data-e-type=\"widget\" data-widget_type=\"heading.default\">\n\t\t\t\t<div class=\"elementor-widget-container\">\n\t\t\t\t\t<h1 class=\"elementor-heading-title elementor-size-default\">Testimonials<\/h1>\t\t\t\t<\/div>\n\t\t\t\t<\/div>\n\t\t\t\t\t<\/div>\n\t\t<\/div>\n\t\t\t\t\t<\/div>\n\t\t<\/section>\n\t\t\t\t<section class=\"elementor-section elementor-top-section elementor-element elementor-element-5ey3zz2 elementor-section-boxed elementor-section-height-default elementor-section-height-default\" data-id=\"5ey3zz2\" data-element_type=\"section\" data-e-type=\"section\">\n\t\t\t\t\t\t<div class=\"elementor-container elementor-column-gap-no\">\n\t\t\t\t\t<div class=\"elementor-column elementor-col-50 elementor-top-column elementor-element elementor-element-218f484\" data-id=\"218f484\" data-element_type=\"column\" data-e-type=\"column\">\n\t\t\t<div class=\"elementor-widget-wrap elementor-element-populated\">\n\t\t\t\t\t\t<section class=\"elementor-section elementor-inner-section elementor-element elementor-element-c45e9c9 elementor-section-boxed elementor-section-height-default elementor-section-height-default\" data-id=\"c45e9c9\" data-element_type=\"section\" data-e-type=\"section\">\n\t\t\t\t\t\t<div class=\"elementor-container elementor-column-gap-no\">\n\t\t\t\t\t<div class=\"elementor-column elementor-col-100 elementor-inner-column elementor-element elementor-element-7a2f344\" data-id=\"7a2f344\" data-element_type=\"column\" data-e-type=\"column\">\n\t\t\t<div class=\"elementor-widget-wrap\">\n\t\t\t\t\t\t\t<\/div>\n\t\t<\/div>\n\t\t\t\t\t<\/div>\n\t\t<\/section>\n\t\t\t\t<section class=\"elementor-section elementor-inner-section elementor-element elementor-element-824bad5 elementor-section-boxed elementor-section-height-default elementor-section-height-default\" data-id=\"824bad5\" data-element_type=\"section\" data-e-type=\"section\">\n\t\t\t\t\t\t<div class=\"elementor-container elementor-column-gap-no\">\n\t\t\t\t\t<div class=\"elementor-column elementor-col-100 elementor-inner-column elementor-element elementor-element-f305284\" data-id=\"f305284\" data-element_type=\"column\" data-e-type=\"column\">\n\t\t\t<div class=\"elementor-widget-wrap elementor-element-populated\">\n\t\t\t\t\t\t<div class=\"elementor-element elementor-element-5d2b8bc elementor-widget elementor-widget-testimonial\" data-id=\"5d2b8bc\" data-element_type=\"widget\" data-e-type=\"widget\" data-widget_type=\"testimonial.default\">\n\t\t\t\t<div class=\"elementor-widget-container\">\n\t\t\t\t\t\t\t<div class=\"elementor-testimonial-wrapper\">\n\t\t\t\t\t\t\t<div class=\"elementor-testimonial-content\">Merci beaucoup pour le soutien ind\u00e9fectible et l'accompagnement offert par les services en immigration. Je n'ai pas assez de mots pour pouvoir exprimer les bienfaits de ce programme dans la vie des femmes victimes de violence conjugale et les demandeuses d'asile. Merci \u00e0 Mme Arianne d'avoir pens\u00e9 \u00e0 mettre ce service d'accompagnement pour nous, les femmes victimes de violence conjugale et demandeuse d'asile de Nouvelle-\u00c9tape. Merci \u00e0 toute l'\u00e9quipe<\/div>\n\t\t\t\n\t\t\t\t\t\t<div class=\"elementor-testimonial-meta\">\n\t\t\t\t<div class=\"elementor-testimonial-meta-inner\">\n\t\t\t\t\t\n\t\t\t\t\t\t\t\t\t\t<div class=\"elementor-testimonial-details\">\n\t\t\t\t\t\t\t\t\t\t\t\t\t\t<div class=\"elementor-testimonial-name\">- A former sheltered woman<\/div>\n\t\t\t\t\t\t\t\t\t\t\t\t\t\t\t\t\t\t\t<\/div>\n\t\t\t\t\t\t\t\t\t<\/div>\n\t\t\t<\/div>\n\t\t\t\t\t<\/div>\n\t\t\t\t\t\t<\/div>\n\t\t\t\t<\/div>\n\t\t\t\t<div class=\"elementor-element elementor-element-1d4f6cf elementor-widget elementor-widget-spacer\" data-id=\"1d4f6cf\" data-element_type=\"widget\" data-e-type=\"widget\" data-widget_type=\"spacer.default\">\n\t\t\t\t<div class=\"elementor-widget-container\">\n\t\t\t\t\t\t\t<div class=\"elementor-spacer\">\n\t\t\t<div class=\"elementor-spacer-inner\"><\/div>\n\t\t<\/div>\n\t\t\t\t\t\t<\/div>\n\t\t\t\t<\/div>\n\t\t\t\t<div class=\"elementor-element elementor-element-25d9163 elementor-widget elementor-widget-testimonial\" data-id=\"25d9163\" data-element_type=\"widget\" data-e-type=\"widget\" data-widget_type=\"testimonial.default\">\n\t\t\t\t<div class=\"elementor-widget-container\">\n\t\t\t\t\t\t\t<div class=\"elementor-testimonial-wrapper\">\n\t\t\t\t\t\t\t<div class=\"elementor-testimonial-content\">With your help, I was able to empower myself and do all the procedures I needed to do. You have helped me a lot in my processus to regain control of my life.<\/div>\n\t\t\t\n\t\t\t\t\t\t<div class=\"elementor-testimonial-meta\">\n\t\t\t\t<div class=\"elementor-testimonial-meta-inner\">\n\t\t\t\t\t\n\t\t\t\t\t\t\t\t\t\t<div class=\"elementor-testimonial-details\">\n\t\t\t\t\t\t\t\t\t\t\t\t\t\t<div class=\"elementor-testimonial-name\">- A former sheltered woman<\/div>\n\t\t\t\t\t\t\t\t\t\t\t\t\t\t\t\t\t\t\t<\/div>\n\t\t\t\t\t\t\t\t\t<\/div>\n\t\t\t<\/div>\n\t\t\t\t\t<\/div>\n\t\t\t\t\t\t<\/div>\n\t\t\t\t<\/div>\n\t\t\t\t<div class=\"elementor-element elementor-element-14fca7f elementor-widget elementor-widget-spacer\" data-id=\"14fca7f\" data-element_type=\"widget\" data-e-type=\"widget\" data-widget_type=\"spacer.default\">\n\t\t\t\t<div class=\"elementor-widget-container\">\n\t\t\t\t\t\t\t<div class=\"elementor-spacer\">\n\t\t\t<div class=\"elementor-spacer-inner\"><\/div>\n\t\t<\/div>\n\t\t\t\t\t\t<\/div>\n\t\t\t\t<\/div>\n\t\t\t\t<div class=\"elementor-element elementor-element-b9f2da8 elementor-widget elementor-widget-testimonial\" data-id=\"b9f2da8\" data-element_type=\"widget\" data-e-type=\"widget\" data-widget_type=\"testimonial.default\">\n\t\t\t\t<div class=\"elementor-widget-container\">\n\t\t\t\t\t\t\t<div class=\"elementor-testimonial-wrapper\">\n\t\t\t\t\t\t\t<div class=\"elementor-testimonial-content\">With your help, I was able to empower myself and do all the procedures I needed to do. You have helped me a lot in my processus to regain control of my life.<\/div>\n\t\t\t\n\t\t\t\t\t\t<div class=\"elementor-testimonial-meta\">\n\t\t\t\t<div class=\"elementor-testimonial-meta-inner\">\n\t\t\t\t\t\n\t\t\t\t\t\t\t\t\t\t<div class=\"elementor-testimonial-details\">\n\t\t\t\t\t\t\t\t\t\t\t\t\t\t<div class=\"elementor-testimonial-name\">- A former sheltered woman<\/div>\n\t\t\t\t\t\t\t\t\t\t\t\t\t\t\t\t\t\t\t<\/div>\n\t\t\t\t\t\t\t\t\t<\/div>\n\t\t\t<\/div>\n\t\t\t\t\t<\/div>\n\t\t\t\t\t\t<\/div>\n\t\t\t\t<\/div>\n\t\t\t\t\t<\/div>\n\t\t<\/div>\n\t\t\t\t\t<\/div>\n\t\t<\/section>\n\t\t\t\t\t<\/div>\n\t\t<\/div>\n\t\t\t\t<div class=\"elementor-column elementor-col-50 elementor-top-column elementor-element elementor-element-35a517b\" data-id=\"35a517b\" data-element_type=\"column\" data-e-type=\"column\">\n\t\t\t<div class=\"elementor-widget-wrap elementor-element-populated\">\n\t\t\t\t\t\t<div class=\"elementor-element elementor-element-8bd7ee1 elementor-widget elementor-widget-spacer\" data-id=\"8bd7ee1\" data-element_type=\"widget\" data-e-type=\"widget\" data-widget_type=\"spacer.default\">\n\t\t\t\t<div class=\"elementor-widget-container\">\n\t\t\t\t\t\t\t<div class=\"elementor-spacer\">\n\t\t\t<div class=\"elementor-spacer-inner\"><\/div>\n\t\t<\/div>\n\t\t\t\t\t\t<\/div>\n\t\t\t\t<\/div>\n\t\t\t\t<section class=\"elementor-section elementor-inner-section elementor-element elementor-element-ff1e101 elementor-section-boxed elementor-section-height-default elementor-section-height-default\" data-id=\"ff1e101\" data-element_type=\"section\" data-e-type=\"section\">\n\t\t\t\t\t\t<div class=\"elementor-container elementor-column-gap-no\">\n\t\t\t\t\t<div class=\"elementor-column elementor-col-100 elementor-inner-column elementor-element elementor-element-04d3f39\" data-id=\"04d3f39\" data-element_type=\"column\" data-e-type=\"column\">\n\t\t\t<div class=\"elementor-widget-wrap elementor-element-populated\">\n\t\t\t\t\t\t<div class=\"elementor-element elementor-element-7a93e19 elementor-widget elementor-widget-testimonial\" data-id=\"7a93e19\" data-element_type=\"widget\" data-e-type=\"widget\" data-widget_type=\"testimonial.default\">\n\t\t\t\t<div class=\"elementor-widget-container\">\n\t\t\t\t\t\t\t<div class=\"elementor-testimonial-wrapper\">\n\t\t\t\t\t\t\t<div class=\"elementor-testimonial-content\">Nouvelle-\u00c9tape is more than a shelter. I was admitted to Nouvelle-\u00c9tape as an asylum seeker and I had psychosocial support, support in my immigration legal procedures. I also had access to activities for my children. You have continued to help me after I left Nouvelle-\u00c9tape and I really appreciate that.<\/div>\n\t\t\t\n\t\t\t\t\t\t<div class=\"elementor-testimonial-meta\">\n\t\t\t\t<div class=\"elementor-testimonial-meta-inner\">\n\t\t\t\t\t\n\t\t\t\t\t\t\t\t\t\t<div class=\"elementor-testimonial-details\">\n\t\t\t\t\t\t\t\t\t\t\t\t\t\t<div class=\"elementor-testimonial-name\">- A former sheltered woman<\/div>\n\t\t\t\t\t\t\t\t\t\t\t\t\t\t\t\t\t\t\t<\/div>\n\t\t\t\t\t\t\t\t\t<\/div>\n\t\t\t<\/div>\n\t\t\t\t\t<\/div>\n\t\t\t\t\t\t<\/div>\n\t\t\t\t<\/div>\n\t\t\t\t\t<\/div>\n\t\t<\/div>\n\t\t\t\t\t<\/div>\n\t\t<\/section>\n\t\t\t\t<section class=\"elementor-section elementor-inner-section elementor-element elementor-element-571139d elementor-section-boxed elementor-section-height-default elementor-section-height-default\" data-id=\"571139d\" data-element_type=\"section\" data-e-type=\"section\">\n\t\t\t\t\t\t<div class=\"elementor-container elementor-column-gap-no\">\n\t\t\t\t\t<div class=\"elementor-column elementor-col-100 elementor-inner-column elementor-element elementor-element-79ae90a\" data-id=\"79ae90a\" data-element_type=\"column\" data-e-type=\"column\">\n\t\t\t<div class=\"elementor-widget-wrap elementor-element-populated\">\n\t\t\t\t\t\t<div class=\"elementor-element elementor-element-b4ba95c elementor-widget elementor-widget-testimonial\" data-id=\"b4ba95c\" data-element_type=\"widget\" data-e-type=\"widget\" data-widget_type=\"testimonial.default\">\n\t\t\t\t<div class=\"elementor-widget-container\">\n\t\t\t\t\t\t\t<div class=\"elementor-testimonial-wrapper\">\n\t\t\t\t\t\t\t<div class=\"elementor-testimonial-content\">I enjoyed the activities. I feel confident. It taught me a lot about domestic violence. <\/div>\n\t\t\t\n\t\t\t\t\t\t<div class=\"elementor-testimonial-meta\">\n\t\t\t\t<div class=\"elementor-testimonial-meta-inner\">\n\t\t\t\t\t\n\t\t\t\t\t\t\t\t\t\t<div class=\"elementor-testimonial-details\">\n\t\t\t\t\t\t\t\t\t\t\t\t\t\t<div class=\"elementor-testimonial-name\">- A former women shelter resident, referring to the activities offered at Nouvelle-\u00c9tape, including the domestic violence support groups .<\/div>\n\t\t\t\t\t\t\t\t\t\t\t\t\t\t\t\t\t\t\t<\/div>\n\t\t\t\t\t\t\t\t\t<\/div>\n\t\t\t<\/div>\n\t\t\t\t\t<\/div>\n\t\t\t\t\t\t<\/div>\n\t\t\t\t<\/div>\n\t\t\t\t<div class=\"elementor-element elementor-element-dc04bd3 elementor-widget elementor-widget-spacer\" data-id=\"dc04bd3\" data-element_type=\"widget\" data-e-type=\"widget\" data-widget_type=\"spacer.default\">\n\t\t\t\t<div class=\"elementor-widget-container\">\n\t\t\t\t\t\t\t<div class=\"elementor-spacer\">\n\t\t\t<div class=\"elementor-spacer-inner\"><\/div>\n\t\t<\/div>\n\t\t\t\t\t\t<\/div>\n\t\t\t\t<\/div>\n\t\t\t\t<div class=\"elementor-element elementor-element-ee343b3 elementor-widget elementor-widget-testimonial\" data-id=\"ee343b3\" data-element_type=\"widget\" data-e-type=\"widget\" data-widget_type=\"testimonial.default\">\n\t\t\t\t<div class=\"elementor-widget-container\">\n\t\t\t\t\t\t\t<div class=\"elementor-testimonial-wrapper\">\n\t\t\t\t\t\t\t<div class=\"elementor-testimonial-content\"> Quand on m\u2019a donn\u00e9 l\u2019entrevue pour l\u2019appartement, on m\u2019avait bien expliqu\u00e9 que Nouvelle-\u00c9tape n\u2019est pas comme un h\u00e9bergement d\u2019urgence et donc, les travailleuses sont moins disponibles. Cependant, j\u2019ai trouv\u00e9 durant mon s\u00e9jour que l\u2019\u00e9quipe se mobilisait \u00e9norm\u00e9ment pour nous aider; je ne m\u2019attendais pas \u00e0 toute cette aide! Nouvelle-\u00c9tape en a fait beaucoup pour moi et mes enfants. Mon intervenante m\u2019a accompagn\u00e9e dans toutes mes d\u00e9marches et on a all\u00e9g\u00e9 mes souffrances<\/div>\n\t\t\t\n\t\t\t\t\t\t<div class=\"elementor-testimonial-meta\">\n\t\t\t\t<div class=\"elementor-testimonial-meta-inner\">\n\t\t\t\t\t\n\t\t\t\t\t\t\t\t\t\t<div class=\"elementor-testimonial-details\">\n\t\t\t\t\t\t\t\t\t\t\t\t\t\t<div class=\"elementor-testimonial-name\">- A former sheltered woman<\/div>\n\t\t\t\t\t\t\t\t\t\t\t\t\t\t\t\t\t\t\t<\/div>\n\t\t\t\t\t\t\t\t\t<\/div>\n\t\t\t<\/div>\n\t\t\t\t\t<\/div>\n\t\t\t\t\t\t<\/div>\n\t\t\t\t<\/div>\n\t\t\t\t\t<\/div>\n\t\t<\/div>\n\t\t\t\t\t<\/div>\n\t\t<\/section>\n\t\t\t\t\t<\/div>\n\t\t<\/div>\n\t\t\t\t\t<\/div>\n\t\t<\/section>\n\t\t\t\t<\/div>","protected":false},"excerpt":{"rendered":"<p>T\u00e9moignages Merci beaucoup pour le soutien ind\u00e9fectible et l&rsquo;accompagnement offert par les services en immigration. Je n&rsquo;ai pas assez de mots pour pouvoir exprimer les bienfaits de ce programme dans la vie des femmes victimes de violence conjugale et les demandeuses d&rsquo;asile. Merci \u00e0 Mme Arianne d&rsquo;avoir pens\u00e9 \u00e0 mettre ce service d&rsquo;accompagnement pour nous, [&hellip;]<\/p>\n","protected":false},"author":1,"featured_media":0,"parent":0,"menu_order":0,"comment_status":"closed","ping_status":"closed","template":"","meta":{"_uag_custom_page_level_css":"","site-sidebar-layout":"no-sidebar","site-content-layout":"page-builder","ast-site-content-layout":"default","site-content-style":"default","site-sidebar-style":"default","ast-global-header-display":"","ast-banner-title-visibility":"","ast-main-header-display":"","ast-hfb-above-header-display":"","ast-hfb-below-header-display":"","ast-hfb-mobile-header-display":"","site-post-title":"disabled","ast-breadcrumbs-content":"","ast-featured-img":"disabled","footer-sml-layout":"","theme-transparent-header-meta":"enabled","adv-header-id-meta":"","stick-header-meta":"","header-above-stick-meta":"","header-main-stick-meta":"","header-below-stick-meta":"","astra-migrate-meta-layouts":"default","ast-page-background-enabled":"default","ast-page-background-meta":{"desktop":{"background-color":"","background-image":"","background-repeat":"repeat","background-position":"center center","background-size":"auto","background-attachment":"scroll","background-type":"","background-media":"","overlay-type":"","overlay-color":"","overlay-opacity":"","overlay-gradient":""},"tablet":{"background-color":"","background-image":"","background-repeat":"repeat","background-position":"center center","background-size":"auto","background-attachment":"scroll","background-type":"","background-media":"","overlay-type":"","overlay-color":"","overlay-opacity":"","overlay-gradient":""},"mobile":{"background-color":"","background-image":"","background-repeat":"repeat","background-position":"center center","background-size":"auto","background-attachment":"scroll","background-type":"","background-media":"","overlay-type":"","overlay-color":"","overlay-opacity":"","overlay-gradient":""}},"ast-content-background-meta":{"desktop":{"background-color":"var(--ast-global-color-5)","background-image":"","background-repeat":"repeat","background-position":"center center","background-size":"auto","background-attachment":"scroll","background-type":"","background-media":"","overlay-type":"","overlay-color":"","overlay-opacity":"","overlay-gradient":""},"tablet":{"background-color":"var(--ast-global-color-5)","background-image":"","background-repeat":"repeat","background-position":"center center","background-size":"auto","background-attachment":"scroll","background-type":"","background-media":"","overlay-type":"","overlay-color":"","overlay-opacity":"","overlay-gradient":""},"mobile":{"background-color":"var(--ast-global-color-5)","background-image":"","background-repeat":"repeat","background-position":"center center","background-size":"auto","background-attachment":"scroll","background-type":"","background-media":"","overlay-type":"","overlay-color":"","overlay-opacity":"","overlay-gradient":""}},"footnotes":""},"class_list":["post-701","page","type-page","status-publish","hentry"],"yoast_head":"<!-- This site is optimized with the Yoast SEO plugin v27.5 - https:\/\/yoast.com\/product\/yoast-seo-wordpress\/ -->\n<title>Nouvelle-\u00c9tape - T\u00e9moignages<\/title>\n<meta name=\"description\" content=\"Services sp\u00e9cialis\u00e9s en violence conjugale posts\u00e9paration. Plus de 30 ann\u00e9es de travail avec les femmes et et les enfants.\" \/>\n<meta name=\"robots\" content=\"index, follow, max-snippet:-1, max-image-preview:large, max-video-preview:-1\" \/>\n<link rel=\"canonical\" href=\"https:\/\/nouvelle-etape.org\/en\/temoignages\/\" \/>\n<meta property=\"og:locale\" content=\"en_US\" \/>\n<meta property=\"og:type\" content=\"article\" \/>\n<meta property=\"og:title\" content=\"Nouvelle-\u00c9tape - T\u00e9moignages\" \/>\n<meta property=\"og:description\" content=\"Services sp\u00e9cialis\u00e9s en violence conjugale posts\u00e9paration. Plus de 30 ann\u00e9es de travail avec les femmes et et les enfants.\" \/>\n<meta property=\"og:url\" content=\"https:\/\/nouvelle-etape.org\/en\/temoignages\/\" \/>\n<meta property=\"og:site_name\" content=\"Nouvelle-\u00c9tape\" \/>\n<meta property=\"article:modified_time\" content=\"2023-07-19T20:18:11+00:00\" \/>\n<meta name=\"twitter:card\" content=\"summary_large_image\" \/>\n<meta name=\"twitter:label1\" content=\"Est. reading time\" \/>\n\t<meta name=\"twitter:data1\" content=\"2 minutes\" \/>\n<script type=\"application\/ld+json\" class=\"yoast-schema-graph\">{\"@context\":\"https:\\\/\\\/schema.org\",\"@graph\":[{\"@type\":\"WebPage\",\"@id\":\"https:\\\/\\\/nouvelle-etape.org\\\/temoignages\\\/\",\"url\":\"https:\\\/\\\/nouvelle-etape.org\\\/temoignages\\\/\",\"name\":\"Nouvelle-\u00c9tape - T\u00e9moignages\",\"isPartOf\":{\"@id\":\"https:\\\/\\\/nouvelle-etape.org\\\/en\\\/#website\"},\"datePublished\":\"2021-10-13T14:18:01+00:00\",\"dateModified\":\"2023-07-19T20:18:11+00:00\",\"description\":\"Services sp\u00e9cialis\u00e9s en violence conjugale posts\u00e9paration. Plus de 30 ann\u00e9es de travail avec les femmes et et les enfants.\",\"breadcrumb\":{\"@id\":\"https:\\\/\\\/nouvelle-etape.org\\\/temoignages\\\/#breadcrumb\"},\"inLanguage\":\"en-CA\",\"potentialAction\":[{\"@type\":\"ReadAction\",\"target\":[\"https:\\\/\\\/nouvelle-etape.org\\\/temoignages\\\/\"]}]},{\"@type\":\"BreadcrumbList\",\"@id\":\"https:\\\/\\\/nouvelle-etape.org\\\/temoignages\\\/#breadcrumb\",\"itemListElement\":[{\"@type\":\"ListItem\",\"position\":1,\"name\":\"Accueil\",\"item\":\"https:\\\/\\\/nouvelle-etape.org\\\/\"},{\"@type\":\"ListItem\",\"position\":2,\"name\":\"T\u00e9moignages\"}]},{\"@type\":\"WebSite\",\"@id\":\"https:\\\/\\\/nouvelle-etape.org\\\/en\\\/#website\",\"url\":\"https:\\\/\\\/nouvelle-etape.org\\\/en\\\/\",\"name\":\"Nouvelle-\u00c9tape\",\"description\":\"Services sp\u00e9cialis\u00e9s en violence conjugale post-s\u00e9paration\",\"publisher\":{\"@id\":\"https:\\\/\\\/nouvelle-etape.org\\\/en\\\/#organization\"},\"potentialAction\":[{\"@type\":\"SearchAction\",\"target\":{\"@type\":\"EntryPoint\",\"urlTemplate\":\"https:\\\/\\\/nouvelle-etape.org\\\/en\\\/?s={search_term_string}\"},\"query-input\":{\"@type\":\"PropertyValueSpecification\",\"valueRequired\":true,\"valueName\":\"search_term_string\"}}],\"inLanguage\":\"en-CA\"},{\"@type\":\"Organization\",\"@id\":\"https:\\\/\\\/nouvelle-etape.org\\\/en\\\/#organization\",\"name\":\"Nouvelle-\u00c9tape\",\"url\":\"https:\\\/\\\/nouvelle-etape.org\\\/en\\\/\",\"logo\":{\"@type\":\"ImageObject\",\"inLanguage\":\"en-CA\",\"@id\":\"https:\\\/\\\/nouvelle-etape.org\\\/en\\\/#\\\/schema\\\/logo\\\/image\\\/\",\"url\":\"https:\\\/\\\/nouvelle-etape.org\\\/wp-content\\\/uploads\\\/2024\\\/03\\\/cropped-NE_Grand_Coul_Trans.png\",\"contentUrl\":\"https:\\\/\\\/nouvelle-etape.org\\\/wp-content\\\/uploads\\\/2024\\\/03\\\/cropped-NE_Grand_Coul_Trans.png\",\"width\":4992,\"height\":4992,\"caption\":\"Nouvelle-\u00c9tape\"},\"image\":{\"@id\":\"https:\\\/\\\/nouvelle-etape.org\\\/en\\\/#\\\/schema\\\/logo\\\/image\\\/\"}}]}<\/script>\n<!-- \/ Yoast SEO plugin. -->","yoast_head_json":{"title":"Nouvelle-\u00c9tape - T\u00e9moignages","description":"Services sp\u00e9cialis\u00e9s en violence conjugale posts\u00e9paration. Plus de 30 ann\u00e9es de travail avec les femmes et et les enfants.","robots":{"index":"index","follow":"follow","max-snippet":"max-snippet:-1","max-image-preview":"max-image-preview:large","max-video-preview":"max-video-preview:-1"},"canonical":"https:\/\/nouvelle-etape.org\/en\/temoignages\/","og_locale":"en_US","og_type":"article","og_title":"Nouvelle-\u00c9tape - T\u00e9moignages","og_description":"Services sp\u00e9cialis\u00e9s en violence conjugale posts\u00e9paration. Plus de 30 ann\u00e9es de travail avec les femmes et et les enfants.","og_url":"https:\/\/nouvelle-etape.org\/en\/temoignages\/","og_site_name":"Nouvelle-\u00c9tape","article_modified_time":"2023-07-19T20:18:11+00:00","twitter_card":"summary_large_image","twitter_misc":{"Est. reading time":"2 minutes"},"schema":{"@context":"https:\/\/schema.org","@graph":[{"@type":"WebPage","@id":"https:\/\/nouvelle-etape.org\/temoignages\/","url":"https:\/\/nouvelle-etape.org\/temoignages\/","name":"Nouvelle-\u00c9tape - T\u00e9moignages","isPartOf":{"@id":"https:\/\/nouvelle-etape.org\/en\/#website"},"datePublished":"2021-10-13T14:18:01+00:00","dateModified":"2023-07-19T20:18:11+00:00","description":"Services sp\u00e9cialis\u00e9s en violence conjugale posts\u00e9paration. Plus de 30 ann\u00e9es de travail avec les femmes et et les enfants.","breadcrumb":{"@id":"https:\/\/nouvelle-etape.org\/temoignages\/#breadcrumb"},"inLanguage":"en-CA","potentialAction":[{"@type":"ReadAction","target":["https:\/\/nouvelle-etape.org\/temoignages\/"]}]},{"@type":"BreadcrumbList","@id":"https:\/\/nouvelle-etape.org\/temoignages\/#breadcrumb","itemListElement":[{"@type":"ListItem","position":1,"name":"Accueil","item":"https:\/\/nouvelle-etape.org\/"},{"@type":"ListItem","position":2,"name":"T\u00e9moignages"}]},{"@type":"WebSite","@id":"https:\/\/nouvelle-etape.org\/en\/#website","url":"https:\/\/nouvelle-etape.org\/en\/","name":"Nouvelle-\u00c9tape","description":"Services sp\u00e9cialis\u00e9s en violence conjugale post-s\u00e9paration","publisher":{"@id":"https:\/\/nouvelle-etape.org\/en\/#organization"},"potentialAction":[{"@type":"SearchAction","target":{"@type":"EntryPoint","urlTemplate":"https:\/\/nouvelle-etape.org\/en\/?s={search_term_string}"},"query-input":{"@type":"PropertyValueSpecification","valueRequired":true,"valueName":"search_term_string"}}],"inLanguage":"en-CA"},{"@type":"Organization","@id":"https:\/\/nouvelle-etape.org\/en\/#organization","name":"Nouvelle-\u00c9tape","url":"https:\/\/nouvelle-etape.org\/en\/","logo":{"@type":"ImageObject","inLanguage":"en-CA","@id":"https:\/\/nouvelle-etape.org\/en\/#\/schema\/logo\/image\/","url":"https:\/\/nouvelle-etape.org\/wp-content\/uploads\/2024\/03\/cropped-NE_Grand_Coul_Trans.png","contentUrl":"https:\/\/nouvelle-etape.org\/wp-content\/uploads\/2024\/03\/cropped-NE_Grand_Coul_Trans.png","width":4992,"height":4992,"caption":"Nouvelle-\u00c9tape"},"image":{"@id":"https:\/\/nouvelle-etape.org\/en\/#\/schema\/logo\/image\/"}}]}},"uagb_featured_image_src":{"full":false,"thumbnail":false,"medium":false,"medium_large":false,"large":false,"1536x1536":false,"2048x2048":false,"trp-custom-language-flag":false},"uagb_author_info":{"display_name":"admin_comms","author_link":"https:\/\/nouvelle-etape.org\/en\/author\/admin_comms\/"},"uagb_comment_info":0,"uagb_excerpt":"T\u00e9moignages Merci beaucoup pour le soutien ind\u00e9fectible et l&rsquo;accompagnement offert par les services en immigration. Je n&rsquo;ai pas assez de mots pour pouvoir exprimer les bienfaits de ce programme dans la vie des femmes victimes de violence conjugale et les demandeuses d&rsquo;asile. Merci \u00e0 Mme Arianne d&rsquo;avoir pens\u00e9 \u00e0 mettre ce service d&rsquo;accompagnement pour nous,&hellip;","_links":{"self":[{"href":"https:\/\/nouvelle-etape.org\/en\/wp-json\/wp\/v2\/pages\/701","targetHints":{"allow":["GET"]}}],"collection":[{"href":"https:\/\/nouvelle-etape.org\/en\/wp-json\/wp\/v2\/pages"}],"about":[{"href":"https:\/\/nouvelle-etape.org\/en\/wp-json\/wp\/v2\/types\/page"}],"author":[{"embeddable":true,"href":"https:\/\/nouvelle-etape.org\/en\/wp-json\/wp\/v2\/users\/1"}],"replies":[{"embeddable":true,"href":"https:\/\/nouvelle-etape.org\/en\/wp-json\/wp\/v2\/comments?post=701"}],"version-history":[{"count":81,"href":"https:\/\/nouvelle-etape.org\/en\/wp-json\/wp\/v2\/pages\/701\/revisions"}],"predecessor-version":[{"id":4581,"href":"https:\/\/nouvelle-etape.org\/en\/wp-json\/wp\/v2\/pages\/701\/revisions\/4581"}],"wp:attachment":[{"href":"https:\/\/nouvelle-etape.org\/en\/wp-json\/wp\/v2\/media?parent=701"}],"curies":[{"name":"wp","href":"https:\/\/api.w.org\/{rel}","templated":true}]}}